{"id":30,"date":"2023-12-04T10:21:00","date_gmt":"2023-12-04T08:21:00","guid":{"rendered":"https:\/\/f4.ecl.lt\/nuova\/?page_id=30"},"modified":"2025-05-29T11:02:08","modified_gmt":"2025-05-29T08:02:08","slug":"kontaktai","status":"publish","type":"page","link":"https:\/\/nuova.lt\/en\/contacts\/","title":{"rendered":"Contacts"},"content":{"rendered":"<div data-elementor-type=\"wp-page\" data-elementor-id=\"30\" class=\"elementor elementor-30\" data-elementor-post-type=\"page\">\n\t\t\t\t<div class=\"elementor-element elementor-element-edd5d5f e-flex e-con-boxed e-con e-parent\" data-id=\"edd5d5f\" data-element_type=\"container\" data-core-v316-plus=\"true\">\n\t\t\t\t\t<div class=\"e-con-inner\">\n\t\t<div class=\"elementor-element elementor-element-671e5f7 e-flex e-con-boxed e-con e-child\" data-id=\"671e5f7\" data-element_type=\"container\">\n\t\t\t\t\t<div class=\"e-con-inner\">\n\t\t<div class=\"elementor-element elementor-element-9632084 e-con-full e-flex e-con e-child\" data-id=\"9632084\" data-element_type=\"container\">\n\t\t\t\t<div class=\"elementor-element elementor-element-4a4a7b4 elementor-widget elementor-widget-heading\" data-id=\"4a4a7b4\" data-element_type=\"widget\" data-widget_type=\"heading.default\">\n\t\t\t\t<div class=\"elementor-widget-container\">\n\t\t\t<style>\/*! elementor - v3.20.0 - 26-03-2024 *\/\n.elementor-heading-title{padding:0;margin:0;line-height:1}.elementor-widget-heading .elementor-heading-title[class*=elementor-size-]>a{color:inherit;font-size:inherit;line-height:inherit}.elementor-widget-heading .elementor-heading-title.elementor-size-small{font-size:15px}.elementor-widget-heading .elementor-heading-title.elementor-size-medium{font-size:19px}.elementor-widget-heading .elementor-heading-title.elementor-size-large{font-size:29px}.elementor-widget-heading .elementor-heading-title.elementor-size-xl{font-size:39px}.elementor-widget-heading .elementor-heading-title.elementor-size-xxl{font-size:59px}<\/style><h2 class=\"elementor-heading-title elementor-size-default\">Contact Us<\/h2>\t\t<\/div>\n\t\t\t\t<\/div>\n\t\t\t\t<div class=\"elementor-element elementor-element-b7ed3ed elementor-position-left elementor-vertical-align-middle elementor-mobile-position-left elementor-view-default elementor-widget elementor-widget-icon-box\" data-id=\"b7ed3ed\" data-element_type=\"widget\" data-widget_type=\"icon-box.default\">\n\t\t\t\t<div class=\"elementor-widget-container\">\n\t\t\t<link rel=\"stylesheet\" href=\"https:\/\/nuova.lt\/wp-content\/plugins\/elementor\/assets\/css\/widget-icon-box.min.css\">\t\t<div class=\"elementor-icon-box-wrapper\">\n\t\t\t\t\t\t<div class=\"elementor-icon-box-icon\">\n\t\t\t\t<a href=\"tel: 370 37 751081\" class=\"elementor-icon elementor-animation-\" tabindex=\"-1\">\n\t\t\t\t<svg xmlns=\"http:\/\/www.w3.org\/2000\/svg\" width=\"30\" height=\"31\" viewbox=\"0 0 30 31\" fill=\"none\"><path d=\"M29.9256 22.3843C29.8379 22.0515 29.6817 21.741 29.467 21.4726C29.2523 21.2042 28.9839 20.9841 28.6793 20.8263L22.2819 17.4974C21.7657 17.2226 21.1683 17.1433 20.5987 17.2739C20.029 17.4045 19.5251 17.7363 19.1789 18.2089L18.1445 19.6319C18.0914 19.7058 18.0132 19.7577 17.9246 19.7778C17.836 19.7979 17.7432 19.7848 17.6636 19.7409C16.1425 18.8717 14.7499 17.7932 13.5262 16.5367C12.275 15.3079 11.2009 13.9095 10.3353 12.3821C10.2916 12.3021 10.2786 12.2089 10.2986 12.12C10.3186 12.031 10.3703 11.9525 10.4439 11.8991L11.8558 10.8605C12.3264 10.5127 12.6569 10.0067 12.7869 9.43475C12.917 8.86275 12.838 8.26287 12.5643 7.7445L9.26993 1.32562C9.11172 1.01925 8.891 0.749798 8.62215 0.534819C8.3533 0.319839 8.04236 0.164159 7.70959 0.0779241C7.37682 -0.00831112 7.02968 -0.023166 6.69081 0.0343275C6.35194 0.091821 6.02893 0.220372 5.74284 0.411604L1.72445 3.1121C1.1602 3.48937 0.70458 4.00891 0.403237 4.61867C0.101894 5.22842 -0.0345935 5.90699 0.00744756 6.5864C0.0606319 7.7351 0.214656 8.87686 0.467727 9.99837C1.55895 14.2257 4.19134 18.5725 7.84772 22.2493C11.5041 25.9261 15.838 28.5591 20.0477 29.6445C21.1646 29.8985 22.3016 30.0532 23.4455 30.1067H23.7041C24.3352 30.1053 24.9564 29.9489 25.5135 29.6511C26.0706 29.3533 26.5467 28.9231 26.9002 28.3981L29.5791 24.3629C29.7725 24.0763 29.9033 23.7518 29.963 23.4108C30.0227 23.0698 30.01 22.72 29.9256 22.3843ZM27.857 23.2048L25.1935 27.2452C25.0168 27.5073 24.7749 27.7184 24.4919 27.8578C24.2089 27.9971 23.8946 28.0599 23.58 28.0398C22.5655 27.9927 21.5568 27.8589 20.5649 27.6399C16.7068 26.6324 12.7143 24.1968 9.31648 20.7692C5.91868 17.3417 3.48282 13.348 2.47951 9.47385C2.25956 8.47798 2.12461 7.46509 2.07612 6.44618C2.05546 6.13094 2.11768 5.81579 2.25656 5.53232C2.39544 5.24884 2.60609 5.00702 2.86739 4.83107L6.88579 2.14096C6.94696 2.09983 7.01904 2.07812 7.09265 2.07864H7.19092C7.24184 2.09197 7.28937 2.11599 7.33038 2.14911C7.37138 2.18223 7.40493 2.2237 7.42881 2.27079L10.7387 8.69486C10.7798 8.77453 10.7915 8.86626 10.7716 8.95374C10.7517 9.04123 10.7016 9.1188 10.6301 9.17264L9.21821 10.2113C8.73945 10.569 8.40774 11.0904 8.28577 11.6769C8.1638 12.2635 8.26002 12.8746 8.55624 13.3948C9.51346 15.0749 10.6969 16.6145 12.073 17.97C13.4228 19.352 14.956 20.5404 16.6292 21.5015C17.1472 21.7989 17.7558 21.8955 18.3399 21.7731C18.9241 21.6506 19.4433 21.3175 19.7995 20.8367L20.8338 19.4138C20.8874 19.342 20.9647 19.2916 21.0518 19.2717C21.1389 19.2517 21.2303 19.2634 21.3096 19.3047L27.707 22.6284C27.7538 22.653 27.795 22.6872 27.8278 22.7288C27.8606 22.7704 27.8844 22.8185 27.8975 22.8699C27.9107 22.9213 27.913 22.9749 27.9042 23.0272C27.8954 23.0795 27.8758 23.1294 27.8466 23.1737L27.857 23.2048Z\" fill=\"black\"><\/path><\/svg>\t\t\t\t<\/a>\n\t\t\t<\/div>\n\t\t\t\t\t\t<div class=\"elementor-icon-box-content\">\n\t\t\t\t<p class=\"elementor-icon-box-title\">\n\t\t\t\t\t<a href=\"tel: 370 37 751081\" >\n\t\t\t\t\t\t+370 37 751081\t\t\t\t\t<\/a>\n\t\t\t\t<\/p>\n\t\t\t\t\t\t\t<\/div>\n\t\t<\/div>\n\t\t\t\t<\/div>\n\t\t\t\t<\/div>\n\t\t\t\t<div class=\"elementor-element elementor-element-dbf312d elementor-position-left elementor-vertical-align-middle elementor-mobile-position-left elementor-view-default elementor-widget elementor-widget-icon-box\" data-id=\"dbf312d\" data-element_type=\"widget\" data-widget_type=\"icon-box.default\">\n\t\t\t\t<div class=\"elementor-widget-container\">\n\t\t\t\t\t<div class=\"elementor-icon-box-wrapper\">\n\t\t\t\t\t\t<div class=\"elementor-icon-box-icon\">\n\t\t\t\t<a href=\"mailto: 370 37 751081\" class=\"elementor-icon elementor-animation-\" tabindex=\"-1\">\n\t\t\t\t<svg xmlns=\"http:\/\/www.w3.org\/2000\/svg\" width=\"35\" height=\"25\" viewbox=\"0 0 35 25\" fill=\"none\"><path d=\"M2.99997 0.0057373H31.1333C32.7908 0.0057373 34.1333 1.36134 34.1333 3.01641V21.0804C34.1333 22.7453 32.781 24.0911 31.1333 24.0911H2.99997C1.3563 24.0911 -3.43323e-05 22.751 -3.43323e-05 21.0804V3.01641C-3.43323e-05 1.36429 1.3371 0.0057373 2.99997 0.0057373ZM3.4201 2.01285C4.03303 2.62469 14.5811 13.1545 14.9453 13.5181C15.512 14.0868 16.2653 14.3999 17.0666 14.3999C17.868 14.3999 18.6213 14.0867 19.1898 13.5162C19.4348 13.2717 29.8664 2.85811 30.7132 2.01285H3.4201ZM32.1333 20.6719V3.42619L23.4908 12.0538L32.1333 20.6719ZM30.7119 22.084L22.0728 13.4693L20.6022 14.9373C19.6578 15.8851 18.4022 16.407 17.0666 16.407C15.7311 16.407 14.4755 15.8851 13.533 14.9392L12.0605 13.4693L3.42137 22.084H30.7119ZM1.99997 20.6719L10.6425 12.0538L1.99997 3.42619V20.6719Z\" fill=\"black\"><\/path><\/svg>\t\t\t\t<\/a>\n\t\t\t<\/div>\n\t\t\t\t\t\t<div class=\"elementor-icon-box-content\">\n\t\t\t\t<p class=\"elementor-icon-box-title\">\n\t\t\t\t\t<a href=\"mailto: 370 37 751081\" >\n\t\t\t\t\t\tinfo@nuova.lt\t\t\t\t\t<\/a>\n\t\t\t\t<\/p>\n\t\t\t\t\t\t\t<\/div>\n\t\t<\/div>\n\t\t\t\t<\/div>\n\t\t\t\t<\/div>\n\t\t\t\t<div class=\"elementor-element elementor-element-fc88e39 elementor-position-left elementor-vertical-align-middle elementor-mobile-position-left elementor-view-default elementor-widget elementor-widget-icon-box\" data-id=\"fc88e39\" data-element_type=\"widget\" data-widget_type=\"icon-box.default\">\n\t\t\t\t<div class=\"elementor-widget-container\">\n\t\t\t\t\t<div class=\"elementor-icon-box-wrapper\">\n\t\t\t\t\t\t<div class=\"elementor-icon-box-icon\">\n\t\t\t\t<a href=\"tel: 370 37 751081\" class=\"elementor-icon elementor-animation-\" tabindex=\"-1\">\n\t\t\t\t<svg xmlns=\"http:\/\/www.w3.org\/2000\/svg\" width=\"31\" height=\"36\" viewbox=\"0 0 31 36\" fill=\"none\"><path d=\"M21.3883 23.387C25.1416 17.4765 24.6698 18.2139 24.778 18.0598C26.1444 16.1256 26.8667 13.849 26.8667 11.4762C26.8667 5.18366 21.7785 0 15.5 0C9.24199 0 4.13333 5.17343 4.13333 11.4762C4.13333 13.8475 4.87072 16.1836 6.28198 18.1439L9.61152 23.387C6.05168 23.936 0 25.5721 0 29.1745C0 30.4877 0.854084 32.3592 4.92294 33.8175C7.76405 34.8357 11.5204 35.3966 15.5 35.3966C22.9417 35.3966 31 33.2899 31 29.1745C31 25.5715 24.9554 23.9371 21.3883 23.387ZM8.00826 17.0031C7.9969 16.9853 7.98505 16.9679 7.97265 16.9507C6.7983 15.3294 6.2 13.4079 6.2 11.4762C6.2 6.28994 10.3613 2.07402 15.5 2.07402C20.628 2.07402 24.8 6.29181 24.8 11.4762C24.8 13.411 24.213 15.2673 23.1022 16.8459C23.0026 16.9777 23.522 16.168 15.5 28.8004L8.00826 17.0031ZM15.5 33.3225C7.37152 33.3225 2.06667 30.9248 2.06667 29.1745C2.06667 27.9981 4.79246 26.0638 10.8326 25.3099L14.6286 31.2874C14.8183 31.5862 15.1469 31.767 15.4999 31.767C15.853 31.767 16.1817 31.5861 16.3713 31.2874L20.1672 25.3099C26.2075 26.0638 28.9333 27.9981 28.9333 29.1745C28.9333 30.9099 23.6762 33.3225 15.5 33.3225Z\" fill=\"black\"><\/path><path d=\"M15.5002 6.29126C12.6513 6.29126 10.3335 8.61727 10.3335 11.4763C10.3335 14.3353 12.6513 16.6613 15.5002 16.6613C18.3491 16.6613 20.6668 14.3353 20.6668 11.4763C20.6668 8.61727 18.3491 6.29126 15.5002 6.29126ZM15.5002 14.5873C13.7908 14.5873 12.4002 13.1917 12.4002 11.4763C12.4002 9.76088 13.7908 8.36528 15.5002 8.36528C17.2095 8.36528 18.6002 9.76088 18.6002 11.4763C18.6002 13.1917 17.2095 14.5873 15.5002 14.5873Z\" fill=\"black\"><\/path><\/svg>\t\t\t\t<\/a>\n\t\t\t<\/div>\n\t\t\t\t\t\t<div class=\"elementor-icon-box-content\">\n\t\t\t\t<p class=\"elementor-icon-box-title\">\n\t\t\t\t\t<a href=\"tel: 370 37 751081\" >\n\t\t\t\t\t\tVilniaus g. 56, Kaunas, Lietuva\t\t\t\t\t<\/a>\n\t\t\t\t<\/p>\n\t\t\t\t\t\t\t<\/div>\n\t\t<\/div>\n\t\t\t\t<\/div>\n\t\t\t\t<\/div>\n\t\t\t\t<\/div>\n\t\t\t\t\t<\/div>\n\t\t\t\t<\/div>\n\t\t\t\t\t<\/div>\n\t\t\t\t<\/div>\n\t\t<div class=\"elementor-element elementor-element-e497333 e-flex e-con-boxed e-con e-parent\" data-id=\"e497333\" data-element_type=\"container\" data-core-v316-plus=\"true\">\n\t\t\t\t\t<div class=\"e-con-inner\">\n\t\t<div class=\"elementor-element elementor-element-fa478d9 e-con-full e-flex e-con e-child\" data-id=\"fa478d9\" data-element_type=\"container\" id=\"greyhvr\" data-settings=\"{&quot;background_background&quot;:&quot;classic&quot;}\">\n\t\t\t\t<div class=\"elementor-element elementor-element-bc73516 elementor-widget elementor-widget-heading\" data-id=\"bc73516\" data-element_type=\"widget\" data-widget_type=\"heading.default\">\n\t\t\t\t<div class=\"elementor-widget-container\">\n\t\t\t<p class=\"elementor-heading-title elementor-size-default\">JSC Nuova<\/p>\t\t<\/div>\n\t\t\t\t<\/div>\n\t\t\t\t<div class=\"elementor-element elementor-element-54dfb6e elementor-widget elementor-widget-text-editor\" data-id=\"54dfb6e\" data-element_type=\"widget\" data-widget_type=\"text-editor.default\">\n\t\t\t\t<div class=\"elementor-widget-container\">\n\t\t\t<style>\/*! elementor - v3.20.0 - 26-03-2024 *\/\n.elementor-widget-text-editor.elementor-drop-cap-view-stacked .elementor-drop-cap{background-color:#69727d;color:#fff}.elementor-widget-text-editor.elementor-drop-cap-view-framed .elementor-drop-cap{color:#69727d;border:3px solid;background-color:transparent}.elementor-widget-text-editor:not(.elementor-drop-cap-view-default) .elementor-drop-cap{margin-top:8px}.elementor-widget-text-editor:not(.elementor-drop-cap-view-default) .elementor-drop-cap-letter{width:1em;height:1em}.elementor-widget-text-editor .elementor-drop-cap{float:left;text-align:center;line-height:1;font-size:50px}.elementor-widget-text-editor .elementor-drop-cap-letter{display:inline-block}<\/style>\t\t\t\t<p>Company code: 133698268<br \/>VAT code: LT336982610<br \/>Account No.: LT09 7044 0600 0309 2878<br \/>Bank: AB SEB Bank<br \/>Bank code: 70440\u00a0<\/p>\t\t\t\t\t\t<\/div>\n\t\t\t\t<\/div>\n\t\t\t\t<\/div>\n\t\t<div class=\"elementor-element elementor-element-c288679 e-con-full e-flex e-con e-child\" data-id=\"c288679\" data-element_type=\"container\" id=\"bluehvr\" data-settings=\"{&quot;background_background&quot;:&quot;classic&quot;}\">\n\t\t\t\t<div class=\"elementor-element elementor-element-1e3aa0a elementor-widget elementor-widget-heading\" data-id=\"1e3aa0a\" data-element_type=\"widget\" data-widget_type=\"heading.default\">\n\t\t\t\t<div class=\"elementor-widget-container\">\n\t\t\t<p class=\"elementor-heading-title elementor-size-default\">LLC  Auksines kopos<\/p>\t\t<\/div>\n\t\t\t\t<\/div>\n\t\t\t\t<div class=\"elementor-element elementor-element-17fc3ed elementor-widget elementor-widget-text-editor\" data-id=\"17fc3ed\" data-element_type=\"widget\" data-widget_type=\"text-editor.default\">\n\t\t\t\t<div class=\"elementor-widget-container\">\n\t\t\t\t\t\t\t<p>Company code: 252550150<br \/>VAT code: LT525501515<br \/>Account No.: LT64 7044 0600 0746 3775<br \/>Bank: AB SEB Bank<br \/>Bank code: 70440<\/p>\t\t\t\t\t\t<\/div>\n\t\t\t\t<\/div>\n\t\t\t\t<\/div>\n\t\t<div class=\"elementor-element elementor-element-9c96bfd e-con-full e-flex e-con e-child\" data-id=\"9c96bfd\" data-element_type=\"container\" id=\"bluehvr\" data-settings=\"{&quot;background_background&quot;:&quot;classic&quot;}\">\n\t\t\t\t<div class=\"elementor-element elementor-element-ee61c89 elementor-widget elementor-widget-heading\" data-id=\"ee61c89\" data-element_type=\"widget\" data-widget_type=\"heading.default\">\n\t\t\t\t<div class=\"elementor-widget-container\">\n\t\t\t<p class=\"elementor-heading-title elementor-size-default\">LLC  Nuova Capital<\/p>\t\t<\/div>\n\t\t\t\t<\/div>\n\t\t\t\t<div class=\"elementor-element elementor-element-03e6681 elementor-widget elementor-widget-text-editor\" data-id=\"03e6681\" data-element_type=\"widget\" data-widget_type=\"text-editor.default\">\n\t\t\t\t<div class=\"elementor-widget-container\">\n\t\t\t\t\t\t\t<p>Company code: 152540575<br \/>VAT code: LT525405716<br \/>Account No.: LT35 7044 0600 0089 8949 <br \/>Bank: AB SEB Bank<br \/>Bank code: 70440<\/p>\t\t\t\t\t\t<\/div>\n\t\t\t\t<\/div>\n\t\t\t\t<\/div>\n\t\t\t\t\t<\/div>\n\t\t\t\t<\/div>\n\t\t<div class=\"elementor-element elementor-element-bdc1b9b e-flex e-con-boxed e-con e-parent\" data-id=\"bdc1b9b\" data-element_type=\"container\" data-core-v316-plus=\"true\">\n\t\t\t\t\t<div class=\"e-con-inner\">\n\t\t<div class=\"elementor-element elementor-element-f5fc7fd e-con-full e-flex e-con e-child\" data-id=\"f5fc7fd\" data-element_type=\"container\" id=\"bluehvr\" data-settings=\"{&quot;background_background&quot;:&quot;classic&quot;}\">\n\t\t\t\t<div class=\"elementor-element elementor-element-7e11d7d elementor-widget elementor-widget-heading\" data-id=\"7e11d7d\" data-element_type=\"widget\" data-widget_type=\"heading.default\">\n\t\t\t\t<div class=\"elementor-widget-container\">\n\t\t\t<p class=\"elementor-heading-title elementor-size-default\">LLC  Opalas<\/p>\t\t<\/div>\n\t\t\t\t<\/div>\n\t\t\t\t<div class=\"elementor-element elementor-element-1b3f827 elementor-widget elementor-widget-text-editor\" data-id=\"1b3f827\" data-element_type=\"widget\" data-widget_type=\"text-editor.default\">\n\t\t\t\t<div class=\"elementor-widget-container\">\n\t\t\t\t\t\t\t<p>Company code: 132056136<br \/>VAT code: LT320561314<br \/>Account No.: LT25 7044 0600 0287 5698<br \/>Bank: AB SEB Bank<br \/>Bank code: 70440<\/p>\t\t\t\t\t\t<\/div>\n\t\t\t\t<\/div>\n\t\t\t\t<\/div>\n\t\t<div class=\"elementor-element elementor-element-39e85c5 e-con-full e-flex e-con e-child\" data-id=\"39e85c5\" data-element_type=\"container\">\n\t\t\t\t<div class=\"elementor-element elementor-element-6433d0d elementor-widget elementor-widget-heading\" data-id=\"6433d0d\" data-element_type=\"widget\" data-widget_type=\"heading.default\">\n\t\t\t\t<div class=\"elementor-widget-container\">\n\t\t\t<p class=\"elementor-heading-title elementor-size-default\">ISO Certificates<\/p>\t\t<\/div>\n\t\t\t\t<\/div>\n\t\t\t\t<div class=\"elementor-element elementor-element-5e7c4ee elementor-icon-list--layout-traditional elementor-list-item-link-full_width elementor-widget elementor-widget-icon-list\" data-id=\"5e7c4ee\" data-element_type=\"widget\" data-widget_type=\"icon-list.default\">\n\t\t\t\t<div class=\"elementor-widget-container\">\n\t\t\t<link rel=\"stylesheet\" href=\"https:\/\/nuova.lt\/wp-content\/plugins\/elementor\/assets\/css\/widget-icon-list.min.css\">\t\t<ul class=\"elementor-icon-list-items\">\n\t\t\t\t\t\t\t<li class=\"elementor-icon-list-item\">\n\t\t\t\t\t\t\t\t\t\t\t<a href=\"https:\/\/nuova.lt\/wp-content\/uploads\/2024\/01\/ISO-9001-255298-2018-AQ-LTU-FINAS-2-en-US-20231229-20231229084301.pdf\">\n\n\t\t\t\t\t\t\t\t\t\t\t\t<span class=\"elementor-icon-list-icon\">\n\t\t\t\t\t\t\t<svg aria-hidden=\"true\" class=\"e-font-icon-svg e-far-file-pdf\" viewbox=\"0 0 384 512\" xmlns=\"http:\/\/www.w3.org\/2000\/svg\"><path d=\"M369.9 97.9L286 14C277 5 264.8-.1 252.1-.1H48C21.5 0 0 21.5 0 48v416c0 26.5 21.5 48 48 48h288c26.5 0 48-21.5 48-48V131.9c0-12.7-5.1-25-14.1-34zM332.1 128H256V51.9l76.1 76.1zM48 464V48h160v104c0 13.3 10.7 24 24 24h104v288H48zm250.2-143.7c-12.2-12-47-8.7-64.4-6.5-17.2-10.5-28.7-25-36.8-46.3 3.9-16.1 10.1-40.6 5.4-56-4.2-26.2-37.8-23.6-42.6-5.9-4.4 16.1-.4 38.5 7 67.1-10 23.9-24.9 56-35.4 74.4-20 10.3-47 26.2-51 46.2-3.3 15.8 26 55.2 76.1-31.2 22.4-7.4 46.8-16.5 68.4-20.1 18.9 10.2 41 17 55.8 17 25.5 0 28-28.2 17.5-38.7zm-198.1 77.8c5.1-13.7 24.5-29.5 30.4-35-19 30.3-30.4 35.7-30.4 35zm81.6-190.6c7.4 0 6.7 32.1 1.8 40.8-4.4-13.9-4.3-40.8-1.8-40.8zm-24.4 136.6c9.7-16.9 18-37 24.7-54.7 8.3 15.1 18.9 27.2 30.1 35.5-20.8 4.3-38.9 13.1-54.8 19.2zm131.6-5s-5 6-37.3-7.8c35.1-2.6 40.9 5.4 37.3 7.8z\"><\/path><\/svg>\t\t\t\t\t\t<\/span>\n\t\t\t\t\t\t\t\t\t\t<span class=\"elementor-icon-list-text\">ISO 9001 (PDF)<\/span>\n\t\t\t\t\t\t\t\t\t\t\t<\/a>\n\t\t\t\t\t\t\t\t\t<\/li>\n\t\t\t\t\t\t\t\t<li class=\"elementor-icon-list-item\">\n\t\t\t\t\t\t\t\t\t\t\t<a href=\"https:\/\/nuova.lt\/wp-content\/uploads\/2024\/01\/ISO-14001-255299-2018-AE-LTU-FINAS-2-lt-LT-20231229-20231229084320.pdf\">\n\n\t\t\t\t\t\t\t\t\t\t\t\t<span class=\"elementor-icon-list-icon\">\n\t\t\t\t\t\t\t<svg aria-hidden=\"true\" class=\"e-font-icon-svg e-far-file-pdf\" viewbox=\"0 0 384 512\" xmlns=\"http:\/\/www.w3.org\/2000\/svg\"><path d=\"M369.9 97.9L286 14C277 5 264.8-.1 252.1-.1H48C21.5 0 0 21.5 0 48v416c0 26.5 21.5 48 48 48h288c26.5 0 48-21.5 48-48V131.9c0-12.7-5.1-25-14.1-34zM332.1 128H256V51.9l76.1 76.1zM48 464V48h160v104c0 13.3 10.7 24 24 24h104v288H48zm250.2-143.7c-12.2-12-47-8.7-64.4-6.5-17.2-10.5-28.7-25-36.8-46.3 3.9-16.1 10.1-40.6 5.4-56-4.2-26.2-37.8-23.6-42.6-5.9-4.4 16.1-.4 38.5 7 67.1-10 23.9-24.9 56-35.4 74.4-20 10.3-47 26.2-51 46.2-3.3 15.8 26 55.2 76.1-31.2 22.4-7.4 46.8-16.5 68.4-20.1 18.9 10.2 41 17 55.8 17 25.5 0 28-28.2 17.5-38.7zm-198.1 77.8c5.1-13.7 24.5-29.5 30.4-35-19 30.3-30.4 35.7-30.4 35zm81.6-190.6c7.4 0 6.7 32.1 1.8 40.8-4.4-13.9-4.3-40.8-1.8-40.8zm-24.4 136.6c9.7-16.9 18-37 24.7-54.7 8.3 15.1 18.9 27.2 30.1 35.5-20.8 4.3-38.9 13.1-54.8 19.2zm131.6-5s-5 6-37.3-7.8c35.1-2.6 40.9 5.4 37.3 7.8z\"><\/path><\/svg>\t\t\t\t\t\t<\/span>\n\t\t\t\t\t\t\t\t\t\t<span class=\"elementor-icon-list-text\">ISO 14001 (PDF)<\/span>\n\t\t\t\t\t\t\t\t\t\t\t<\/a>\n\t\t\t\t\t\t\t\t\t<\/li>\n\t\t\t\t\t\t\t\t<li class=\"elementor-icon-list-item\">\n\t\t\t\t\t\t\t\t\t\t\t<a href=\"https:\/\/nuova.lt\/wp-content\/uploads\/2024\/01\/ISO-45001-252931-2018-AHSO-LTU-FINAS-2-lt-LT-20231229-20231229084419.pdf\">\n\n\t\t\t\t\t\t\t\t\t\t\t\t<span class=\"elementor-icon-list-icon\">\n\t\t\t\t\t\t\t<svg aria-hidden=\"true\" class=\"e-font-icon-svg e-far-file-pdf\" viewbox=\"0 0 384 512\" xmlns=\"http:\/\/www.w3.org\/2000\/svg\"><path d=\"M369.9 97.9L286 14C277 5 264.8-.1 252.1-.1H48C21.5 0 0 21.5 0 48v416c0 26.5 21.5 48 48 48h288c26.5 0 48-21.5 48-48V131.9c0-12.7-5.1-25-14.1-34zM332.1 128H256V51.9l76.1 76.1zM48 464V48h160v104c0 13.3 10.7 24 24 24h104v288H48zm250.2-143.7c-12.2-12-47-8.7-64.4-6.5-17.2-10.5-28.7-25-36.8-46.3 3.9-16.1 10.1-40.6 5.4-56-4.2-26.2-37.8-23.6-42.6-5.9-4.4 16.1-.4 38.5 7 67.1-10 23.9-24.9 56-35.4 74.4-20 10.3-47 26.2-51 46.2-3.3 15.8 26 55.2 76.1-31.2 22.4-7.4 46.8-16.5 68.4-20.1 18.9 10.2 41 17 55.8 17 25.5 0 28-28.2 17.5-38.7zm-198.1 77.8c5.1-13.7 24.5-29.5 30.4-35-19 30.3-30.4 35.7-30.4 35zm81.6-190.6c7.4 0 6.7 32.1 1.8 40.8-4.4-13.9-4.3-40.8-1.8-40.8zm-24.4 136.6c9.7-16.9 18-37 24.7-54.7 8.3 15.1 18.9 27.2 30.1 35.5-20.8 4.3-38.9 13.1-54.8 19.2zm131.6-5s-5 6-37.3-7.8c35.1-2.6 40.9 5.4 37.3 7.8z\"><\/path><\/svg>\t\t\t\t\t\t<\/span>\n\t\t\t\t\t\t\t\t\t\t<span class=\"elementor-icon-list-text\">ISO 45001 (PDF)<\/span>\n\t\t\t\t\t\t\t\t\t\t\t<\/a>\n\t\t\t\t\t\t\t\t\t<\/li>\n\t\t\t\t\t\t<\/ul>\n\t\t\t\t<\/div>\n\t\t\t\t<\/div>\n\t\t\t\t<\/div>\n\t\t<div class=\"elementor-element elementor-element-7756a8a e-flex e-con-boxed e-con e-child\" data-id=\"7756a8a\" data-element_type=\"container\">\n\t\t\t\t\t<div class=\"e-con-inner\">\n\t\t\t\t<div class=\"elementor-element elementor-element-67bb977 elementor-widget elementor-widget-image\" data-id=\"67bb977\" data-element_type=\"widget\" data-widget_type=\"image.default\">\n\t\t\t\t<div class=\"elementor-widget-container\">\n\t\t\t<style>\/*! elementor - v3.20.0 - 26-03-2024 *\/\n.elementor-widget-image{text-align:center}.elementor-widget-image a{display:inline-block}.elementor-widget-image a img[src$=\".svg\"]{width:48px}.elementor-widget-image img{vertical-align:middle;display:inline-block}<\/style>\t\t\t\t\t\t\t\t\t\t<img decoding=\"async\" width=\"121\" height=\"115\" src=\"https:\/\/nuova.lt\/wp-content\/uploads\/2023\/12\/LNTPA_logo_lit-300x285-1.png\" class=\"attachment-large size-large wp-image-345\" alt=\"\" \/>\t\t\t\t\t\t\t\t\t\t\t\t\t<\/div>\n\t\t\t\t<\/div>\n\t\t\t\t<div class=\"elementor-element elementor-element-ee53915 elementor-widget elementor-widget-image\" data-id=\"ee53915\" data-element_type=\"widget\" data-widget_type=\"image.default\">\n\t\t\t\t<div class=\"elementor-widget-container\">\n\t\t\t\t\t\t\t\t\t\t\t\t\t<img decoding=\"async\" width=\"234\" height=\"110\" src=\"https:\/\/nuova.lt\/wp-content\/uploads\/2023\/12\/ISOkartuSuRumais1-300x141-1-1.png\" class=\"attachment-large size-large wp-image-344\" alt=\"\" \/>\t\t\t\t\t\t\t\t\t\t\t\t\t<\/div>\n\t\t\t\t<\/div>\n\t\t\t\t<div class=\"elementor-element elementor-element-ab86c92 elementor-widget elementor-widget-image\" data-id=\"ab86c92\" data-element_type=\"widget\" data-widget_type=\"image.default\">\n\t\t\t\t<div class=\"elementor-widget-container\">\n\t\t\t\t\t\t\t\t\t\t\t\t\t<img decoding=\"async\" width=\"121\" height=\"115\" src=\"https:\/\/nuova.lt\/wp-content\/uploads\/2024\/04\/LNTPA_logo_lit-300x285-1-copy.webp\" class=\"attachment-large size-large wp-image-7140\" alt=\"\" \/>\t\t\t\t\t\t\t\t\t\t\t\t\t<\/div>\n\t\t\t\t<\/div>\n\t\t\t\t\t<\/div>\n\t\t\t\t<\/div>\n\t\t\t\t\t<\/div>\n\t\t\t\t<\/div>\n\t\t\t\t<\/div>","protected":false},"excerpt":{"rendered":"<p>Susisiekite su mumis +370 37 751081 info@nuova.lt Vilniaus g. 56, Kaunas, Lietuva AB Nuova \u012emon\u0117s kodas: 133698268PVM kodas: LT336982610A\/s Nr. LT09 7044 0600 0309 2878Bankas: AB SEB bankasBanko kodas: 70440\u00a0 UAB Auksin\u0117s kopos \u012emon\u0117s kodas: 252550150PVM kodas: LT525501515A\/s Nr. LT64 7044 0600 0746 3775Bankas: AB SEB bankasBanko kodas: 70440 UAB Nuova Capital \u012emon\u0117s kodas: 152540575PVM [&hellip;]<\/p>","protected":false},"author":1,"featured_media":4497,"parent":0,"menu_order":6,"comment_status":"closed","ping_status":"closed","template":"","meta":{"footnotes":""},"class_list":["post-30","page","type-page","status-publish","has-post-thumbnail","hentry"],"_links":{"self":[{"href":"https:\/\/nuova.lt\/en\/wp-json\/wp\/v2\/pages\/30","targetHints":{"allow":["GET"]}}],"collection":[{"href":"https:\/\/nuova.lt\/en\/wp-json\/wp\/v2\/pages"}],"about":[{"href":"https:\/\/nuova.lt\/en\/wp-json\/wp\/v2\/types\/page"}],"author":[{"embeddable":true,"href":"https:\/\/nuova.lt\/en\/wp-json\/wp\/v2\/users\/1"}],"replies":[{"embeddable":true,"href":"https:\/\/nuova.lt\/en\/wp-json\/wp\/v2\/comments?post=30"}],"version-history":[{"count":0,"href":"https:\/\/nuova.lt\/en\/wp-json\/wp\/v2\/pages\/30\/revisions"}],"wp:featuredmedia":[{"embeddable":true,"href":"https:\/\/nuova.lt\/en\/wp-json\/wp\/v2\/media\/4497"}],"wp:attachment":[{"href":"https:\/\/nuova.lt\/en\/wp-json\/wp\/v2\/media?parent=30"}],"curies":[{"name":"wp","href":"https:\/\/api.w.org\/{rel}","templated":true}]}}