{"id":36,"date":"2023-12-04T10:22:23","date_gmt":"2023-12-04T08:22:23","guid":{"rendered":"https:\/\/f4.ecl.lt\/nuova\/?page_id=36"},"modified":"2025-09-25T13:29:45","modified_gmt":"2025-09-25T10:29:45","slug":"socialine-veikla","status":"publish","type":"page","link":"https:\/\/nuova.lt\/en\/about-us\/social-activity\/","title":{"rendered":"Social activities"},"content":{"rendered":"<div data-elementor-type=\"wp-page\" data-elementor-id=\"36\" class=\"elementor elementor-36\" data-elementor-post-type=\"page\">\n\t\t\t\t<div class=\"elementor-element elementor-element-56f9492 e-flex e-con-boxed e-con e-parent\" data-id=\"56f9492\" data-element_type=\"container\" data-core-v316-plus=\"true\">\n\t\t\t\t\t<div class=\"e-con-inner\">\n\t\t<div class=\"elementor-element elementor-element-3aeb55d e-flex e-con-boxed elementor-invisible e-con e-child\" data-id=\"3aeb55d\" data-element_type=\"container\" data-settings=\"{&quot;animation&quot;:&quot;fadeIn&quot;}\">\n\t\t\t\t\t<div class=\"e-con-inner\">\n\t\t\t\t<div class=\"elementor-element elementor-element-0ecae6c elementor-widget elementor-widget-heading\" data-id=\"0ecae6c\" data-element_type=\"widget\" data-widget_type=\"heading.default\">\n\t\t\t\t<div class=\"elementor-widget-container\">\n\t\t\t<style>\/*! elementor - v3.20.0 - 26-03-2024 *\/\n.elementor-heading-title{padding:0;margin:0;line-height:1}.elementor-widget-heading .elementor-heading-title[class*=elementor-size-]>a{color:inherit;font-size:inherit;line-height:inherit}.elementor-widget-heading .elementor-heading-title.elementor-size-small{font-size:15px}.elementor-widget-heading .elementor-heading-title.elementor-size-medium{font-size:19px}.elementor-widget-heading .elementor-heading-title.elementor-size-large{font-size:29px}.elementor-widget-heading .elementor-heading-title.elementor-size-xl{font-size:39px}.elementor-widget-heading .elementor-heading-title.elementor-size-xxl{font-size:59px}<\/style><h1 class=\"elementor-heading-title elementor-size-default\">At Nuova, we care about more than business interests. We care about everyday life, the environment and people around us. <\/h1>\t\t<\/div>\n\t\t\t\t<\/div>\n\t\t\t\t<div class=\"elementor-element elementor-element-43eb229 elementor-widget elementor-widget-text-editor\" data-id=\"43eb229\" data-element_type=\"widget\" data-widget_type=\"text-editor.default\">\n\t\t\t\t<div class=\"elementor-widget-container\">\n\t\t\t<style>\/*! elementor - v3.20.0 - 26-03-2024 *\/\n.elementor-widget-text-editor.elementor-drop-cap-view-stacked .elementor-drop-cap{background-color:#69727d;color:#fff}.elementor-widget-text-editor.elementor-drop-cap-view-framed .elementor-drop-cap{color:#69727d;border:3px solid;background-color:transparent}.elementor-widget-text-editor:not(.elementor-drop-cap-view-default) .elementor-drop-cap{margin-top:8px}.elementor-widget-text-editor:not(.elementor-drop-cap-view-default) .elementor-drop-cap-letter{width:1em;height:1em}.elementor-widget-text-editor .elementor-drop-cap{float:left;text-align:center;line-height:1;font-size:50px}.elementor-widget-text-editor .elementor-drop-cap-letter{display:inline-block}<\/style>\t\t\t\t<p>Helping those in need, those who have suffered a disaster, those who are growing and creating - this is our additional commitment to society and nature. It is a social responsibility that touches each one of us. To listen, to help, to be together - that's what we do both during and after working hours. Because we are a united community.<\/p><p>Because humanity knows no boundaries. Because we act together with life.<\/p>\t\t\t\t\t\t<\/div>\n\t\t\t\t<\/div>\n\t\t\t\t\t<\/div>\n\t\t\t\t<\/div>\n\t\t\t\t\t<\/div>\n\t\t\t\t<\/div>\n\t\t<div class=\"elementor-element elementor-element-ec4a092 e-flex e-con-boxed e-con e-parent\" data-id=\"ec4a092\" data-element_type=\"container\" data-core-v316-plus=\"true\">\n\t\t\t\t\t<div class=\"e-con-inner\">\n\t\t\t\t<div class=\"elementor-element elementor-element-5679ba7 elementor-widget elementor-widget-heading\" data-id=\"5679ba7\" data-element_type=\"widget\" data-widget_type=\"heading.default\">\n\t\t\t\t<div class=\"elementor-widget-container\">\n\t\t\t<h1 class=\"elementor-heading-title elementor-size-default\">The Social Activity History of the Nuova Corporate Group<\/h1>\t\t<\/div>\n\t\t\t\t<\/div>\n\t\t<div class=\"elementor-element elementor-element-56340dd e-con-full e-flex e-con e-child\" data-id=\"56340dd\" data-element_type=\"container\">\n\t\t<div class=\"elementor-element elementor-element-2b7ce05 e-con-full e-flex e-con e-child\" data-id=\"2b7ce05\" data-element_type=\"container\">\n\t\t\t\t<div class=\"elementor-element elementor-element-856f255 elementor-widget elementor-widget-heading\" data-id=\"856f255\" data-element_type=\"widget\" data-widget_type=\"heading.default\">\n\t\t\t\t<div class=\"elementor-widget-container\">\n\t\t\t<p class=\"elementor-heading-title elementor-size-default\">2022 m. vasaris - 2024 m. vasaris<\/p>\t\t<\/div>\n\t\t\t\t<\/div>\n\t\t<div class=\"elementor-element elementor-element-d506f35 e-con-full e-flex elementor-invisible e-con e-child\" data-id=\"d506f35\" data-element_type=\"container\" data-settings=\"{&quot;background_background&quot;:&quot;classic&quot;,&quot;animation&quot;:&quot;fadeInUp&quot;}\">\n\t\t\t\t<div class=\"elementor-element elementor-element-c0fb467 elementor-widget elementor-widget-text-editor\" data-id=\"c0fb467\" data-element_type=\"widget\" data-widget_type=\"text-editor.default\">\n\t\t\t\t<div class=\"elementor-widget-container\">\n\t\t\t\t\t\t\t<p><a href=\"https:\/\/nuova.lt\/en\/for-leisure\/hotels\/\">Vie\u0161butis<\/a> The Centre Hotel Nuova became the largest refugee center in Kaunas for people fleeing from Ukraine. We adapted the entire hotel to accommodate nearly 200 Ukrainians, whom we have been fully supporting to this day: job searching, document processing, providing food products and essential daily items, assisting socially vulnerable groups, organizing celebrations, and more.<\/p><p>We involved business communities, the people of Kaunas, and the Kaunas City Municipality in this activity.<\/p>\t\t\t\t\t\t<\/div>\n\t\t\t\t<\/div>\n\t\t\t\t<\/div>\n\t\t\t\t<div class=\"elementor-element elementor-element-a47f9f4 elementor-widget elementor-widget-heading\" data-id=\"a47f9f4\" data-element_type=\"widget\" data-widget_type=\"heading.default\">\n\t\t\t\t<div class=\"elementor-widget-container\">\n\t\t\t<p class=\"elementor-heading-title elementor-size-default\">2017<\/p>\t\t<\/div>\n\t\t\t\t<\/div>\n\t\t<div class=\"elementor-element elementor-element-0a53bab e-con-full e-flex elementor-invisible e-con e-child\" data-id=\"0a53bab\" data-element_type=\"container\" data-settings=\"{&quot;background_background&quot;:&quot;classic&quot;,&quot;animation&quot;:&quot;fadeInUp&quot;}\">\n\t\t\t\t<div class=\"elementor-element elementor-element-dd9aafe elementor-widget elementor-widget-text-editor\" data-id=\"dd9aafe\" data-element_type=\"widget\" data-widget_type=\"text-editor.default\">\n\t\t\t\t<div class=\"elementor-widget-container\">\n\t\t\t\t\t\t\t<p>Support for the Textile and Artists' Guild for the Christmas Tree in Kaunas.<\/p>\t\t\t\t\t\t<\/div>\n\t\t\t\t<\/div>\n\t\t\t\t<\/div>\n\t\t\t\t<div class=\"elementor-element elementor-element-bf683d0 elementor-widget elementor-widget-heading\" data-id=\"bf683d0\" data-element_type=\"widget\" data-widget_type=\"heading.default\">\n\t\t\t\t<div class=\"elementor-widget-container\">\n\t\t\t<p class=\"elementor-heading-title elementor-size-default\">2013-2018<\/p>\t\t<\/div>\n\t\t\t\t<\/div>\n\t\t<div class=\"elementor-element elementor-element-ec12132 e-con-full e-flex elementor-invisible e-con e-child\" data-id=\"ec12132\" data-element_type=\"container\" data-settings=\"{&quot;background_background&quot;:&quot;classic&quot;,&quot;animation&quot;:&quot;fadeInUp&quot;}\">\n\t\t\t\t<div class=\"elementor-element elementor-element-ac9a68c elementor-widget elementor-widget-text-editor\" data-id=\"ac9a68c\" data-element_type=\"widget\" data-widget_type=\"text-editor.default\">\n\t\t\t\t<div class=\"elementor-widget-container\">\n\t\t\t\t\t\t\t<p>Support for the Pagyn\u0117 Children's Home in Kaunas District, aimed at improving children's living conditions, organizing camps and trips, seaside vacations, Christmas gifts, purchasing kitchen furniture, and similar activities.<\/p>\t\t\t\t\t\t<\/div>\n\t\t\t\t<\/div>\n\t\t\t\t<\/div>\n\t\t\t\t<div class=\"elementor-element elementor-element-29a0027 elementor-widget elementor-widget-heading\" data-id=\"29a0027\" data-element_type=\"widget\" data-widget_type=\"heading.default\">\n\t\t\t\t<div class=\"elementor-widget-container\">\n\t\t\t<p class=\"elementor-heading-title elementor-size-default\">2007, 2014, 2018<\/p>\t\t<\/div>\n\t\t\t\t<\/div>\n\t\t<div class=\"elementor-element elementor-element-1f3b74a e-con-full e-flex e-con e-child\" data-id=\"1f3b74a\" data-element_type=\"container\" data-settings=\"{&quot;background_background&quot;:&quot;classic&quot;}\">\n\t\t\t\t<div class=\"elementor-element elementor-element-44c7ce7 elementor-widget elementor-widget-text-editor\" data-id=\"44c7ce7\" data-element_type=\"widget\" data-widget_type=\"text-editor.default\">\n\t\t\t\t<div class=\"elementor-widget-container\">\n\t\t\t\t\t\t\t<p>Support for the Jesuit Gymnasium, the gymnasium's educational programs, the \"Solidarity\" fund, and assistance for underprivileged children.<\/p>\t\t\t\t\t\t<\/div>\n\t\t\t\t<\/div>\n\t\t\t\t<\/div>\n\t\t\t\t<div class=\"elementor-element elementor-element-c0e0366 elementor-widget elementor-widget-heading\" data-id=\"c0e0366\" data-element_type=\"widget\" data-widget_type=\"heading.default\">\n\t\t\t\t<div class=\"elementor-widget-container\">\n\t\t\t<p class=\"elementor-heading-title elementor-size-default\">2012<\/p>\t\t<\/div>\n\t\t\t\t<\/div>\n\t\t<div class=\"elementor-element elementor-element-f523b4e e-con-full e-flex elementor-invisible e-con e-child\" data-id=\"f523b4e\" data-element_type=\"container\" data-settings=\"{&quot;background_background&quot;:&quot;classic&quot;,&quot;animation&quot;:&quot;fadeInUp&quot;}\">\n\t\t\t\t<div class=\"elementor-element elementor-element-c555f57 elementor-widget elementor-widget-text-editor\" data-id=\"c555f57\" data-element_type=\"widget\" data-widget_type=\"text-editor.default\">\n\t\t\t\t<div class=\"elementor-widget-container\">\n\t\t\t\t\t\t\t<p>Support for the \"Laisvieji menininkai\" association, which organizes an international exhibition of visual and applied arts in Kaunas.\u00a0<\/p>\t\t\t\t\t\t<\/div>\n\t\t\t\t<\/div>\n\t\t\t\t<\/div>\n\t\t\t\t<div class=\"elementor-element elementor-element-0f23277 elementor-widget elementor-widget-heading\" data-id=\"0f23277\" data-element_type=\"widget\" data-widget_type=\"heading.default\">\n\t\t\t\t<div class=\"elementor-widget-container\">\n\t\t\t<p class=\"elementor-heading-title elementor-size-default\">2005<\/p>\t\t<\/div>\n\t\t\t\t<\/div>\n\t\t<div class=\"elementor-element elementor-element-79cfcba e-con-full e-flex elementor-invisible e-con e-child\" data-id=\"79cfcba\" data-element_type=\"container\" data-settings=\"{&quot;background_background&quot;:&quot;classic&quot;,&quot;animation&quot;:&quot;fadeInUp&quot;}\">\n\t\t\t\t<div class=\"elementor-element elementor-element-bbb3e74 elementor-widget elementor-widget-text-editor\" data-id=\"bbb3e74\" data-element_type=\"widget\" data-widget_type=\"text-editor.default\">\n\t\t\t\t<div class=\"elementor-widget-container\">\n\t\t\t\t\t\t\t<p>An event for children with hearing disabilities, organized by the Kaunas City Municipality.<\/p>\t\t\t\t\t\t<\/div>\n\t\t\t\t<\/div>\n\t\t\t\t<\/div>\n\t\t\t\t<\/div>\n\t\t<div class=\"elementor-element elementor-element-a8e50d5 e-con-full e-flex e-con e-child\" data-id=\"a8e50d5\" data-element_type=\"container\">\n\t\t\t\t<\/div>\n\t\t<div class=\"elementor-element elementor-element-7753843 e-con-full e-flex e-con e-child\" data-id=\"7753843\" data-element_type=\"container\">\n\t\t\t\t<div class=\"elementor-element elementor-element-5fe10f5 elementor-widget elementor-widget-heading\" data-id=\"5fe10f5\" data-element_type=\"widget\" data-widget_type=\"heading.default\">\n\t\t\t\t<div class=\"elementor-widget-container\">\n\t\t\t<p class=\"elementor-heading-title elementor-size-default\">2016, 2018, 2020-2021<\/p>\t\t<\/div>\n\t\t\t\t<\/div>\n\t\t<div class=\"elementor-element elementor-element-5bf14ce e-con-full e-flex elementor-invisible e-con e-child\" data-id=\"5bf14ce\" data-element_type=\"container\" data-settings=\"{&quot;background_background&quot;:&quot;classic&quot;,&quot;animation&quot;:&quot;fadeInUp&quot;}\">\n\t\t\t\t<div class=\"elementor-element elementor-element-d28f2fa elementor-widget elementor-widget-text-editor\" data-id=\"d28f2fa\" data-element_type=\"widget\" data-widget_type=\"text-editor.default\">\n\t\t\t\t<div class=\"elementor-widget-container\">\n\t\t\t\t\t\t\t<p>Support for the modern pentathlon club \"Hiperionas\", aimed at purchasing a vehicle and meeting the development needs of promising athletes.<\/p>\t\t\t\t\t\t<\/div>\n\t\t\t\t<\/div>\n\t\t\t\t<\/div>\n\t\t\t\t<div class=\"elementor-element elementor-element-8870966 elementor-widget elementor-widget-heading\" data-id=\"8870966\" data-element_type=\"widget\" data-widget_type=\"heading.default\">\n\t\t\t\t<div class=\"elementor-widget-container\">\n\t\t\t<p class=\"elementor-heading-title elementor-size-default\">2018<\/p>\t\t<\/div>\n\t\t\t\t<\/div>\n\t\t<div class=\"elementor-element elementor-element-aa32fa6 e-con-full e-flex elementor-invisible e-con e-child\" data-id=\"aa32fa6\" data-element_type=\"container\" data-settings=\"{&quot;background_background&quot;:&quot;classic&quot;,&quot;animation&quot;:&quot;fadeInUp&quot;}\">\n\t\t\t\t<div class=\"elementor-element elementor-element-4bd5471 elementor-widget elementor-widget-text-editor\" data-id=\"4bd5471\" data-element_type=\"widget\" data-widget_type=\"text-editor.default\">\n\t\t\t\t<div class=\"elementor-widget-container\">\n\t\t\t\t\t\t\t<p>Support for the development of integration projects for people with disabilities carried out by \"Tobulas eskizas\".<\/p>\t\t\t\t\t\t<\/div>\n\t\t\t\t<\/div>\n\t\t\t\t<\/div>\n\t\t\t\t<div class=\"elementor-element elementor-element-f2993f6 elementor-widget elementor-widget-heading\" data-id=\"f2993f6\" data-element_type=\"widget\" data-widget_type=\"heading.default\">\n\t\t\t\t<div class=\"elementor-widget-container\">\n\t\t\t<p class=\"elementor-heading-title elementor-size-default\">2014<\/p>\t\t<\/div>\n\t\t\t\t<\/div>\n\t\t<div class=\"elementor-element elementor-element-174361e e-con-full e-flex elementor-invisible e-con e-child\" data-id=\"174361e\" data-element_type=\"container\" data-settings=\"{&quot;background_background&quot;:&quot;classic&quot;,&quot;animation&quot;:&quot;fadeInUp&quot;}\">\n\t\t\t\t<div class=\"elementor-element elementor-element-60a103c elementor-widget elementor-widget-text-editor\" data-id=\"60a103c\" data-element_type=\"widget\" data-widget_type=\"text-editor.default\">\n\t\t\t\t<div class=\"elementor-widget-container\">\n\t\t\t\t\t\t\t<p>Support for Kaunas Center Sports School, aimed at promoting volleyball and preparing volleyball teams for international competitions.<\/p>\t\t\t\t\t\t<\/div>\n\t\t\t\t<\/div>\n\t\t\t\t<\/div>\n\t\t\t\t<div class=\"elementor-element elementor-element-595e829 elementor-widget elementor-widget-heading\" data-id=\"595e829\" data-element_type=\"widget\" data-widget_type=\"heading.default\">\n\t\t\t\t<div class=\"elementor-widget-container\">\n\t\t\t<p class=\"elementor-heading-title elementor-size-default\">2014<\/p>\t\t<\/div>\n\t\t\t\t<\/div>\n\t\t<div class=\"elementor-element elementor-element-6322c7b e-con-full e-flex elementor-invisible e-con e-child\" data-id=\"6322c7b\" data-element_type=\"container\" data-settings=\"{&quot;background_background&quot;:&quot;classic&quot;,&quot;animation&quot;:&quot;fadeInUp&quot;}\">\n\t\t\t\t<div class=\"elementor-element elementor-element-8237e2e elementor-widget elementor-widget-text-editor\" data-id=\"8237e2e\" data-element_type=\"widget\" data-widget_type=\"text-editor.default\">\n\t\t\t\t<div class=\"elementor-widget-container\">\n\t\t\t\t\t\t\t<p>Support for \"The Callisto Brothers\" at the Street Music Day event.<\/p>\t\t\t\t\t\t<\/div>\n\t\t\t\t<\/div>\n\t\t\t\t<\/div>\n\t\t\t\t<div class=\"elementor-element elementor-element-3a14c3a elementor-widget elementor-widget-heading\" data-id=\"3a14c3a\" data-element_type=\"widget\" data-widget_type=\"heading.default\">\n\t\t\t\t<div class=\"elementor-widget-container\">\n\t\t\t<p class=\"elementor-heading-title elementor-size-default\">2008<\/p>\t\t<\/div>\n\t\t\t\t<\/div>\n\t\t<div class=\"elementor-element elementor-element-320fb6c e-con-full e-flex elementor-invisible e-con e-child\" data-id=\"320fb6c\" data-element_type=\"container\" data-settings=\"{&quot;background_background&quot;:&quot;classic&quot;,&quot;animation&quot;:&quot;fadeInUp&quot;}\">\n\t\t\t\t<div class=\"elementor-element elementor-element-90792d9 elementor-widget elementor-widget-text-editor\" data-id=\"90792d9\" data-element_type=\"widget\" data-widget_type=\"text-editor.default\">\n\t\t\t\t<div class=\"elementor-widget-container\">\n\t\t\t\t\t\t\t<p>Support for the Kaunas Dance Theater \"Aura\", organizing an international contemporary dance festival.<\/p>\t\t\t\t\t\t<\/div>\n\t\t\t\t<\/div>\n\t\t\t\t<\/div>\n\t\t\t\t<div class=\"elementor-element elementor-element-128d44f elementor-widget elementor-widget-heading\" data-id=\"128d44f\" data-element_type=\"widget\" data-widget_type=\"heading.default\">\n\t\t\t\t<div class=\"elementor-widget-container\">\n\t\t\t<p class=\"elementor-heading-title elementor-size-default\">1994-2000<\/p>\t\t<\/div>\n\t\t\t\t<\/div>\n\t\t<div class=\"elementor-element elementor-element-cdfba10 e-con-full e-flex elementor-invisible e-con e-child\" data-id=\"cdfba10\" data-element_type=\"container\" data-settings=\"{&quot;background_background&quot;:&quot;classic&quot;,&quot;animation&quot;:&quot;fadeInUp&quot;}\">\n\t\t\t\t<div class=\"elementor-element elementor-element-97f2fa1 elementor-widget elementor-widget-text-editor\" data-id=\"97f2fa1\" data-element_type=\"widget\" data-widget_type=\"text-editor.default\">\n\t\t\t\t<div class=\"elementor-widget-container\">\n\t\t\t\t\t\t\t<p>Providing meals for socially supported residents of the Dainava microdistrict at the canteen.\u00a0<\/p>\t\t\t\t\t\t<\/div>\n\t\t\t\t<\/div>\n\t\t\t\t<\/div>\n\t\t\t\t<\/div>\n\t\t\t\t<\/div>\n\t\t\t\t\t<\/div>\n\t\t\t\t<\/div>\n\t\t\t\t<\/div>","protected":false},"excerpt":{"rendered":"<p>Mums, \u201eNuova\u201c \u012fmoni\u0173 grupei, r\u016bpi daugiau nei verslo interesai. R\u016bpi kasdieninis gyvenimas, mus supanti aplinka, \u017emon\u0117s. Pagalba tiems, kuriems tr\u016bksta, kuriuos i\u0161tiko nelaim\u0117, kurie auga ir kuria \u2013 tai m\u016bs\u0173 papildomi prisiimti \u012fsipareigojimai visuomenei ir gamtai. Tai socialin\u0117 atsakomyb\u0117, kuri palie\u010dia kiekvien\u0105 i\u0161 m\u016bs\u0173. I\u0161girsti, pad\u0117ti, pab\u016bti kartu \u2013 taip elgiam\u0117s ir dirbdami, ir po [&hellip;]<\/p>","protected":false},"author":1,"featured_media":1340,"parent":20,"menu_order":3,"comment_status":"closed","ping_status":"closed","template":"","meta":{"footnotes":""},"class_list":["post-36","page","type-page","status-publish","has-post-thumbnail","hentry"],"_links":{"self":[{"href":"https:\/\/nuova.lt\/en\/wp-json\/wp\/v2\/pages\/36","targetHints":{"allow":["GET"]}}],"collection":[{"href":"https:\/\/nuova.lt\/en\/wp-json\/wp\/v2\/pages"}],"about":[{"href":"https:\/\/nuova.lt\/en\/wp-json\/wp\/v2\/types\/page"}],"author":[{"embeddable":true,"href":"https:\/\/nuova.lt\/en\/wp-json\/wp\/v2\/users\/1"}],"replies":[{"embeddable":true,"href":"https:\/\/nuova.lt\/en\/wp-json\/wp\/v2\/comments?post=36"}],"version-history":[{"count":0,"href":"https:\/\/nuova.lt\/en\/wp-json\/wp\/v2\/pages\/36\/revisions"}],"up":[{"embeddable":true,"href":"https:\/\/nuova.lt\/en\/wp-json\/wp\/v2\/pages\/20"}],"wp:featuredmedia":[{"embeddable":true,"href":"https:\/\/nuova.lt\/en\/wp-json\/wp\/v2\/media\/1340"}],"wp:attachment":[{"href":"https:\/\/nuova.lt\/en\/wp-json\/wp\/v2\/media?parent=36"}],"curies":[{"name":"wp","href":"https:\/\/api.w.org\/{rel}","templated":true}]}}