{"id":40,"date":"2023-12-04T10:22:37","date_gmt":"2023-12-04T08:22:37","guid":{"rendered":"https:\/\/f4.ecl.lt\/nuova\/?page_id=40"},"modified":"2026-01-14T18:05:03","modified_gmt":"2026-01-14T16:05:03","slug":"komanda","status":"publish","type":"page","link":"https:\/\/nuova.lt\/en\/about-us\/team\/","title":{"rendered":"The team"},"content":{"rendered":"<div data-elementor-type=\"wp-page\" data-elementor-id=\"40\" class=\"elementor elementor-40\" data-elementor-post-type=\"page\">\n\t\t\t\t<div class=\"elementor-element elementor-element-3e00d5b e-flex e-con-boxed e-con e-parent\" data-id=\"3e00d5b\" data-element_type=\"container\" data-core-v316-plus=\"true\">\n\t\t\t\t\t<div class=\"e-con-inner\">\n\t\t<div class=\"elementor-element elementor-element-186836b e-flex e-con-boxed e-con e-child\" data-id=\"186836b\" data-element_type=\"container\">\n\t\t\t\t\t<div class=\"e-con-inner\">\n\t\t\t\t<div class=\"elementor-element elementor-element-84e4da8 elementor-widget elementor-widget-image\" data-id=\"84e4da8\" data-element_type=\"widget\" data-widget_type=\"image.default\">\n\t\t\t\t<div class=\"elementor-widget-container\">\n\t\t\t<style>\/*! elementor - v3.20.0 - 26-03-2024 *\/\n.elementor-widget-image{text-align:center}.elementor-widget-image a{display:inline-block}.elementor-widget-image a img[src$=\".svg\"]{width:48px}.elementor-widget-image img{vertical-align:middle;display:inline-block}<\/style>\t\t\t\t\t\t\t\t\t\t<img fetchpriority=\"high\" decoding=\"async\" width=\"768\" height=\"1024\" src=\"https:\/\/nuova.lt\/wp-content\/uploads\/2023\/12\/IMG_3197-768x1024.jpg\" class=\"attachment-large size-large wp-image-2037\" alt=\"Minvydas Znaidauskas - Nuova valdybos pirmininkas\" srcset=\"https:\/\/nuova.lt\/wp-content\/uploads\/2023\/12\/IMG_3197-768x1024.jpg 768w, https:\/\/nuova.lt\/wp-content\/uploads\/2023\/12\/IMG_3197-225x300.jpg 225w, https:\/\/nuova.lt\/wp-content\/uploads\/2023\/12\/IMG_3197-1152x1536.jpg 1152w, https:\/\/nuova.lt\/wp-content\/uploads\/2023\/12\/IMG_3197-1536x2048.jpg 1536w, https:\/\/nuova.lt\/wp-content\/uploads\/2023\/12\/IMG_3197-scaled.jpg 1920w\" sizes=\"(max-width: 768px) 100vw, 768px\" \/>\t\t\t\t\t\t\t\t\t\t\t\t\t<\/div>\n\t\t\t\t<\/div>\n\t\t<div class=\"elementor-element elementor-element-1c6e12a e-flex e-con-boxed e-con e-child\" data-id=\"1c6e12a\" data-element_type=\"container\">\n\t\t\t\t\t<div class=\"e-con-inner\">\n\t\t\t\t<div class=\"elementor-element elementor-element-5e16d3b elementor-widget elementor-widget-text-editor\" data-id=\"5e16d3b\" data-element_type=\"widget\" data-widget_type=\"text-editor.default\">\n\t\t\t\t<div class=\"elementor-widget-container\">\n\t\t\t<style>\/*! elementor - v3.20.0 - 26-03-2024 *\/\n.elementor-widget-text-editor.elementor-drop-cap-view-stacked .elementor-drop-cap{background-color:#69727d;color:#fff}.elementor-widget-text-editor.elementor-drop-cap-view-framed .elementor-drop-cap{color:#69727d;border:3px solid;background-color:transparent}.elementor-widget-text-editor:not(.elementor-drop-cap-view-default) .elementor-drop-cap{margin-top:8px}.elementor-widget-text-editor:not(.elementor-drop-cap-view-default) .elementor-drop-cap-letter{width:1em;height:1em}.elementor-widget-text-editor .elementor-drop-cap{float:left;text-align:center;line-height:1;font-size:50px}.elementor-widget-text-editor .elementor-drop-cap-letter{display:inline-block}<\/style>\t\t\t\t<p>Minvydas Znaidauskas<\/p>\t\t\t\t\t\t<\/div>\n\t\t\t\t<\/div>\n\t\t\t\t<div class=\"elementor-element elementor-element-1dd6eb4 elementor-widget elementor-widget-heading\" data-id=\"1dd6eb4\" data-element_type=\"widget\" data-widget_type=\"heading.default\">\n\t\t\t\t<div class=\"elementor-widget-container\">\n\t\t\t<style>\/*! elementor - v3.20.0 - 26-03-2024 *\/\n.elementor-heading-title{padding:0;margin:0;line-height:1}.elementor-widget-heading .elementor-heading-title[class*=elementor-size-]>a{color:inherit;font-size:inherit;line-height:inherit}.elementor-widget-heading .elementor-heading-title.elementor-size-small{font-size:15px}.elementor-widget-heading .elementor-heading-title.elementor-size-medium{font-size:19px}.elementor-widget-heading .elementor-heading-title.elementor-size-large{font-size:29px}.elementor-widget-heading .elementor-heading-title.elementor-size-xl{font-size:39px}.elementor-widget-heading .elementor-heading-title.elementor-size-xxl{font-size:59px}<\/style><p class=\"elementor-heading-title elementor-size-default\"><br>Chairman of the Board<\/p>\t\t<\/div>\n\t\t\t\t<\/div>\n\t\t\t\t<div class=\"elementor-element elementor-element-7b957bf elementor-widget elementor-widget-heading\" data-id=\"7b957bf\" data-element_type=\"widget\" data-widget_type=\"heading.default\">\n\t\t\t\t<div class=\"elementor-widget-container\">\n\t\t\t<p class=\"elementor-heading-title elementor-size-default\">Director of Nuova JSC  <\/p>\t\t<\/div>\n\t\t\t\t<\/div>\n\t\t\t\t\t<\/div>\n\t\t\t\t<\/div>\n\t\t\t\t\t<\/div>\n\t\t\t\t<\/div>\n\t\t<div class=\"elementor-element elementor-element-92b0aa6 e-flex e-con-boxed e-con e-child\" data-id=\"92b0aa6\" data-element_type=\"container\">\n\t\t\t\t\t<div class=\"e-con-inner\">\n\t\t\t\t<div class=\"elementor-element elementor-element-298059b elementor-widget elementor-widget-image\" data-id=\"298059b\" data-element_type=\"widget\" data-widget_type=\"image.default\">\n\t\t\t\t<div class=\"elementor-widget-container\">\n\t\t\t\t\t\t\t\t\t\t\t\t\t<img decoding=\"async\" width=\"768\" height=\"1024\" src=\"https:\/\/nuova.lt\/wp-content\/uploads\/2023\/12\/IMG_3139-768x1024.jpg\" class=\"attachment-large size-large wp-image-2031\" alt=\"Liuda Znaidauskiene - Nuova valdybos nar\u0117\" srcset=\"https:\/\/nuova.lt\/wp-content\/uploads\/2023\/12\/IMG_3139-768x1024.jpg 768w, https:\/\/nuova.lt\/wp-content\/uploads\/2023\/12\/IMG_3139-225x300.jpg 225w, https:\/\/nuova.lt\/wp-content\/uploads\/2023\/12\/IMG_3139-1152x1536.jpg 1152w, https:\/\/nuova.lt\/wp-content\/uploads\/2023\/12\/IMG_3139-1536x2048.jpg 1536w, https:\/\/nuova.lt\/wp-content\/uploads\/2023\/12\/IMG_3139-scaled.jpg 1920w\" sizes=\"(max-width: 768px) 100vw, 768px\" \/>\t\t\t\t\t\t\t\t\t\t\t\t\t<\/div>\n\t\t\t\t<\/div>\n\t\t<div class=\"elementor-element elementor-element-8f7e289 e-flex e-con-boxed e-con e-child\" data-id=\"8f7e289\" data-element_type=\"container\">\n\t\t\t\t\t<div class=\"e-con-inner\">\n\t\t\t\t<div class=\"elementor-element elementor-element-77aa868 elementor-widget elementor-widget-text-editor\" data-id=\"77aa868\" data-element_type=\"widget\" data-widget_type=\"text-editor.default\">\n\t\t\t\t<div class=\"elementor-widget-container\">\n\t\t\t\t\t\t\t<p>Liuda Znaidauskien\u0117<\/p>\t\t\t\t\t\t<\/div>\n\t\t\t\t<\/div>\n\t\t\t\t<div class=\"elementor-element elementor-element-26ad00c elementor-widget elementor-widget-heading\" data-id=\"26ad00c\" data-element_type=\"widget\" data-widget_type=\"heading.default\">\n\t\t\t\t<div class=\"elementor-widget-container\">\n\t\t\t<p class=\"elementor-heading-title elementor-size-default\">Board Member<\/p>\t\t<\/div>\n\t\t\t\t<\/div>\n\t\t\t\t\t<\/div>\n\t\t\t\t<\/div>\n\t\t\t\t\t<\/div>\n\t\t\t\t<\/div>\n\t\t\t\t\t<\/div>\n\t\t\t\t<\/div>\n\t\t<div class=\"elementor-element elementor-element-d99ef9b e-flex e-con-boxed e-con e-parent\" data-id=\"d99ef9b\" data-element_type=\"container\" data-core-v316-plus=\"true\">\n\t\t\t\t\t<div class=\"e-con-inner\">\n\t\t<div class=\"elementor-element elementor-element-03fe4f6 e-flex e-con-boxed e-con e-child\" data-id=\"03fe4f6\" data-element_type=\"container\">\n\t\t\t\t\t<div class=\"e-con-inner\">\n\t\t\t\t<div class=\"elementor-element elementor-element-4ebe9b6 elementor-widget elementor-widget-image\" data-id=\"4ebe9b6\" data-element_type=\"widget\" data-widget_type=\"image.default\">\n\t\t\t\t<div class=\"elementor-widget-container\">\n\t\t\t\t\t\t\t\t\t\t\t\t\t<img decoding=\"async\" width=\"768\" height=\"1024\" src=\"https:\/\/nuova.lt\/wp-content\/uploads\/2023\/12\/IMG_2833-768x1024.jpg\" class=\"attachment-large size-large wp-image-2032\" alt=\"\" srcset=\"https:\/\/nuova.lt\/wp-content\/uploads\/2023\/12\/IMG_2833-768x1024.jpg 768w, https:\/\/nuova.lt\/wp-content\/uploads\/2023\/12\/IMG_2833-225x300.jpg 225w, https:\/\/nuova.lt\/wp-content\/uploads\/2023\/12\/IMG_2833-1152x1536.jpg 1152w, https:\/\/nuova.lt\/wp-content\/uploads\/2023\/12\/IMG_2833-1536x2048.jpg 1536w, https:\/\/nuova.lt\/wp-content\/uploads\/2023\/12\/IMG_2833-scaled.jpg 1920w\" sizes=\"(max-width: 768px) 100vw, 768px\" \/>\t\t\t\t\t\t\t\t\t\t\t\t\t<\/div>\n\t\t\t\t<\/div>\n\t\t<div class=\"elementor-element elementor-element-f8c70a4 e-flex e-con-boxed e-con e-child\" data-id=\"f8c70a4\" data-element_type=\"container\">\n\t\t\t\t\t<div class=\"e-con-inner\">\n\t\t\t\t<div class=\"elementor-element elementor-element-6d6a67a elementor-widget elementor-widget-text-editor\" data-id=\"6d6a67a\" data-element_type=\"widget\" data-widget_type=\"text-editor.default\">\n\t\t\t\t<div class=\"elementor-widget-container\">\n\t\t\t\t\t\t\t<p>Andrius Znaidauskas<\/p>\t\t\t\t\t\t<\/div>\n\t\t\t\t<\/div>\n\t\t\t\t<div class=\"elementor-element elementor-element-7e18fb1 elementor-widget elementor-widget-heading\" data-id=\"7e18fb1\" data-element_type=\"widget\" data-widget_type=\"heading.default\">\n\t\t\t\t<div class=\"elementor-widget-container\">\n\t\t\t<p class=\"elementor-heading-title elementor-size-default\">Valdybos narys<\/p>\t\t<\/div>\n\t\t\t\t<\/div>\n\t\t\t\t<div class=\"elementor-element elementor-element-2fff6a7 elementor-widget elementor-widget-text-editor\" data-id=\"2fff6a7\" data-element_type=\"widget\" data-widget_type=\"text-editor.default\">\n\t\t\t\t<div class=\"elementor-widget-container\">\n\t\t\t\t\t\t\t<p>Phone: +37068514448<br \/>Email: <a href=\"mailto:andrius@nuova.lt\">andrius@nuova.lt<\/a><\/p>\t\t\t\t\t\t<\/div>\n\t\t\t\t<\/div>\n\t\t\t\t\t<\/div>\n\t\t\t\t<\/div>\n\t\t\t\t\t<\/div>\n\t\t\t\t<\/div>\n\t\t<div class=\"elementor-element elementor-element-1b3fd06 e-flex e-con-boxed e-con e-child\" data-id=\"1b3fd06\" data-element_type=\"container\">\n\t\t\t\t\t<div class=\"e-con-inner\">\n\t\t<div class=\"elementor-element elementor-element-cf06337 e-flex e-con-boxed e-con e-child\" data-id=\"cf06337\" data-element_type=\"container\">\n\t\t\t\t\t<div class=\"e-con-inner\">\n\t\t\t\t<div class=\"elementor-element elementor-element-be574c8 elementor-widget elementor-widget-text-editor\" data-id=\"be574c8\" data-element_type=\"widget\" data-widget_type=\"text-editor.default\">\n\t\t\t\t<div class=\"elementor-widget-container\">\n\t\t\t\t\t\t\t<p>Paulius Znaidauskas<\/p>\t\t\t\t\t\t<\/div>\n\t\t\t\t<\/div>\n\t\t\t\t<div class=\"elementor-element elementor-element-f6538ac elementor-widget elementor-widget-heading\" data-id=\"f6538ac\" data-element_type=\"widget\" data-widget_type=\"heading.default\">\n\t\t\t\t<div class=\"elementor-widget-container\">\n\t\t\t<p class=\"elementor-heading-title elementor-size-default\">Valdybos narys<\/p>\t\t<\/div>\n\t\t\t\t<\/div>\n\t\t\t\t<div class=\"elementor-element elementor-element-fc9d683 elementor-widget elementor-widget-text-editor\" data-id=\"fc9d683\" data-element_type=\"widget\" data-widget_type=\"text-editor.default\">\n\t\t\t\t<div class=\"elementor-widget-container\">\n\t\t\t\t\t\t\t<p>Tel. +37069064556<br \/>El. pa\u0161tas: paulius@nuova.lt<\/p>\t\t\t\t\t\t<\/div>\n\t\t\t\t<\/div>\n\t\t\t\t\t<\/div>\n\t\t\t\t<\/div>\n\t\t\t\t\t<\/div>\n\t\t\t\t<\/div>\n\t\t\t\t\t<\/div>\n\t\t\t\t<\/div>\n\t\t<div class=\"elementor-element elementor-element-9f74467 e-flex e-con-boxed e-con e-parent\" data-id=\"9f74467\" data-element_type=\"container\" data-core-v316-plus=\"true\">\n\t\t\t\t\t<div class=\"e-con-inner\">\n\t\t<div class=\"elementor-element elementor-element-a2ec66d e-con-full e-flex e-con e-child\" data-id=\"a2ec66d\" data-element_type=\"container\">\n\t\t<div class=\"elementor-element elementor-element-e7c14bf e-flex e-con-boxed e-con e-child\" data-id=\"e7c14bf\" data-element_type=\"container\">\n\t\t\t\t\t<div class=\"e-con-inner\">\n\t\t\t\t<div class=\"elementor-element elementor-element-15b40ca elementor-widget elementor-widget-text-editor\" data-id=\"15b40ca\" data-element_type=\"widget\" data-widget_type=\"text-editor.default\">\n\t\t\t\t<div class=\"elementor-widget-container\">\n\t\t\t\t\t\t\t<p>Karolis Mik\u0161ta<\/p>\t\t\t\t\t\t<\/div>\n\t\t\t\t<\/div>\n\t\t\t\t<div class=\"elementor-element elementor-element-9f78dad elementor-widget elementor-widget-heading\" data-id=\"9f78dad\" data-element_type=\"widget\" data-widget_type=\"heading.default\">\n\t\t\t\t<div class=\"elementor-widget-container\">\n\t\t\t<p class=\"elementor-heading-title elementor-size-default\">Director of Nuova Capital LLC <\/p>\t\t<\/div>\n\t\t\t\t<\/div>\n\t\t\t\t<div class=\"elementor-element elementor-element-f41537b elementor-widget elementor-widget-text-editor\" data-id=\"f41537b\" data-element_type=\"widget\" data-widget_type=\"text-editor.default\">\n\t\t\t\t<div class=\"elementor-widget-container\">\n\t\t\t\t\t\t\t<p>Tel. +37066289521<br \/>El. pa\u0161tas: karolis@nuova.lt<\/p>\t\t\t\t\t\t<\/div>\n\t\t\t\t<\/div>\n\t\t\t\t<div class=\"elementor-element elementor-element-cc17e7d elementor-widget elementor-widget-text-editor\" data-id=\"cc17e7d\" data-element_type=\"widget\" data-widget_type=\"text-editor.default\">\n\t\t\t\t<div class=\"elementor-widget-container\">\n\t\t\t\t\t\t\t<p>Dovil\u0117 Znaidauskait\u0117<\/p>\t\t\t\t\t\t<\/div>\n\t\t\t\t<\/div>\n\t\t\t\t<div class=\"elementor-element elementor-element-a90e0e4 elementor-widget elementor-widget-heading\" data-id=\"a90e0e4\" data-element_type=\"widget\" data-widget_type=\"heading.default\">\n\t\t\t\t<div class=\"elementor-widget-container\">\n\t\t\t<p class=\"elementor-heading-title elementor-size-default\">Pardavim\u0173 vadov\u0117<\/p>\t\t<\/div>\n\t\t\t\t<\/div>\n\t\t\t\t<div class=\"elementor-element elementor-element-f5d0556 elementor-widget elementor-widget-text-editor\" data-id=\"f5d0556\" data-element_type=\"widget\" data-widget_type=\"text-editor.default\">\n\t\t\t\t<div class=\"elementor-widget-container\">\n\t\t\t\t\t\t\t<p>Phone: +37061813881<br \/>El. pa\u0161tas: rinkodara@nuova.lt<\/p>\t\t\t\t\t\t<\/div>\n\t\t\t\t<\/div>\n\t\t\t\t\t<\/div>\n\t\t\t\t<\/div>\n\t\t\t\t<\/div>\n\t\t\t\t\t<\/div>\n\t\t\t\t<\/div>\n\t\t<div class=\"elementor-element elementor-element-bf44cda e-flex e-con-boxed e-con e-parent\" data-id=\"bf44cda\" data-element_type=\"container\" data-core-v316-plus=\"true\">\n\t\t\t\t\t<div class=\"e-con-inner\">\n\t\t\t\t<div class=\"elementor-element elementor-element-e963b5f elementor-widget__width-initial elementor-widget elementor-widget-image\" data-id=\"e963b5f\" data-element_type=\"widget\" data-widget_type=\"image.default\">\n\t\t\t\t<div class=\"elementor-widget-container\">\n\t\t\t\t\t\t\t\t\t\t\t\t\t<img loading=\"lazy\" decoding=\"async\" width=\"768\" height=\"1024\" src=\"https:\/\/nuova.lt\/wp-content\/uploads\/2026\/01\/IMG_3070-768x1024.jpg\" class=\"attachment-large size-large wp-image-7393\" alt=\"\" srcset=\"https:\/\/nuova.lt\/wp-content\/uploads\/2026\/01\/IMG_3070-768x1024.jpg 768w, https:\/\/nuova.lt\/wp-content\/uploads\/2026\/01\/IMG_3070-225x300.jpg 225w, https:\/\/nuova.lt\/wp-content\/uploads\/2026\/01\/IMG_3070-1152x1536.jpg 1152w, https:\/\/nuova.lt\/wp-content\/uploads\/2026\/01\/IMG_3070-1536x2048.jpg 1536w, https:\/\/nuova.lt\/wp-content\/uploads\/2026\/01\/IMG_3070-9x12.jpg 9w, https:\/\/nuova.lt\/wp-content\/uploads\/2026\/01\/IMG_3070-scaled.jpg 1920w\" sizes=\"(max-width: 768px) 100vw, 768px\" \/>\t\t\t\t\t\t\t\t\t\t\t\t\t<\/div>\n\t\t\t\t<\/div>\n\t\t<div class=\"elementor-element elementor-element-a7900ff e-flex e-con-boxed e-con e-child\" data-id=\"a7900ff\" data-element_type=\"container\">\n\t\t\t\t\t<div class=\"e-con-inner\">\n\t\t<div class=\"elementor-element elementor-element-b4bab57 e-flex e-con-boxed e-con e-child\" data-id=\"b4bab57\" data-element_type=\"container\">\n\t\t\t\t\t<div class=\"e-con-inner\">\n\t\t<div class=\"elementor-element elementor-element-921390a e-flex e-con-boxed e-con e-child\" data-id=\"921390a\" data-element_type=\"container\">\n\t\t\t\t\t<div class=\"e-con-inner\">\n\t\t<div class=\"elementor-element elementor-element-1a4ed6c e-flex e-con-boxed e-con e-child\" data-id=\"1a4ed6c\" data-element_type=\"container\">\n\t\t\t\t\t<div class=\"e-con-inner\">\n\t\t\t\t<div class=\"elementor-element elementor-element-51e5194 elementor-widget elementor-widget-text-editor\" data-id=\"51e5194\" data-element_type=\"widget\" data-widget_type=\"text-editor.default\">\n\t\t\t\t<div class=\"elementor-widget-container\">\n\t\t\t\t\t\t\t<p>Aivaras \u010cepurna<\/p>\t\t\t\t\t\t<\/div>\n\t\t\t\t<\/div>\n\t\t\t\t<div class=\"elementor-element elementor-element-ceadd50 elementor-widget elementor-widget-heading\" data-id=\"ceadd50\" data-element_type=\"widget\" data-widget_type=\"heading.default\">\n\t\t\t\t<div class=\"elementor-widget-container\">\n\t\t\t<p class=\"elementor-heading-title elementor-size-default\">Komercijos vadovas\u200b<\/p>\t\t<\/div>\n\t\t\t\t<\/div>\n\t\t\t\t<div class=\"elementor-element elementor-element-7b8373c elementor-widget elementor-widget-text-editor\" data-id=\"7b8373c\" data-element_type=\"widget\" data-widget_type=\"text-editor.default\">\n\t\t\t\t<div class=\"elementor-widget-container\">\n\t\t\t\t\t\t\t<p>Tel. +37068613173<br \/>Email: <a href=\"mailto:roma@nuova.lt\">aivaras@nuova.lt<\/a><\/p>\t\t\t\t\t\t<\/div>\n\t\t\t\t<\/div>\n\t\t\t\t\t<\/div>\n\t\t\t\t<\/div>\n\t\t\t\t\t<\/div>\n\t\t\t\t<\/div>\n\t\t\t\t\t<\/div>\n\t\t\t\t<\/div>\n\t\t\t\t\t<\/div>\n\t\t\t\t<\/div>\n\t\t<div class=\"elementor-element elementor-element-d260e50 e-flex e-con-boxed e-con e-child\" data-id=\"d260e50\" data-element_type=\"container\">\n\t\t\t\t\t<div class=\"e-con-inner\">\n\t\t<div class=\"elementor-element elementor-element-fa565bf e-flex e-con-boxed e-con e-child\" data-id=\"fa565bf\" data-element_type=\"container\">\n\t\t\t\t\t<div class=\"e-con-inner\">\n\t\t\t\t<div class=\"elementor-element elementor-element-5b09aae elementor-widget elementor-widget-text-editor\" data-id=\"5b09aae\" data-element_type=\"widget\" data-widget_type=\"text-editor.default\">\n\t\t\t\t<div class=\"elementor-widget-container\">\n\t\t\t\t\t\t\t<p>Indr\u0117 Augustaitien\u0117<\/p>\t\t\t\t\t\t<\/div>\n\t\t\t\t<\/div>\n\t\t\t\t<div class=\"elementor-element elementor-element-54b9e9e elementor-widget elementor-widget-heading\" data-id=\"54b9e9e\" data-element_type=\"widget\" data-widget_type=\"heading.default\">\n\t\t\t\t<div class=\"elementor-widget-container\">\n\t\t\t<p class=\"elementor-heading-title elementor-size-default\">Projekt\u0173 vadov\u0117<\/p>\t\t<\/div>\n\t\t\t\t<\/div>\n\t\t\t\t<div class=\"elementor-element elementor-element-f42d458 elementor-widget elementor-widget-text-editor\" data-id=\"f42d458\" data-element_type=\"widget\" data-widget_type=\"text-editor.default\">\n\t\t\t\t<div class=\"elementor-widget-container\">\n\t\t\t\t\t\t\t<p>Tel. +37061200482<br>El. pa\u0161tas: indre@nuova.lt<\/p>\t\t\t\t\t\t<\/div>\n\t\t\t\t<\/div>\n\t\t\t\t\t<\/div>\n\t\t\t\t<\/div>\n\t\t\t\t\t<\/div>\n\t\t\t\t<\/div>\n\t\t\t\t\t<\/div>\n\t\t\t\t<\/div>\n\t\t<div class=\"elementor-element elementor-element-5d11567 e-flex e-con-boxed e-con e-parent\" data-id=\"5d11567\" data-element_type=\"container\" data-core-v316-plus=\"true\">\n\t\t\t\t\t<div class=\"e-con-inner\">\n\t\t<div class=\"elementor-element elementor-element-2962db8 e-flex e-con-boxed e-con e-child\" data-id=\"2962db8\" data-element_type=\"container\">\n\t\t\t\t\t<div class=\"e-con-inner\">\n\t\t\t\t<div class=\"elementor-element elementor-element-10713db elementor-widget__width-initial elementor-widget elementor-widget-image\" data-id=\"10713db\" data-element_type=\"widget\" data-widget_type=\"image.default\">\n\t\t\t\t<div class=\"elementor-widget-container\">\n\t\t\t\t\t\t\t\t\t\t\t\t\t<img loading=\"lazy\" decoding=\"async\" width=\"768\" height=\"1024\" src=\"https:\/\/nuova.lt\/wp-content\/uploads\/2023\/12\/IMG_3085-768x1024.jpg\" class=\"attachment-large size-large wp-image-2036\" alt=\"\" srcset=\"https:\/\/nuova.lt\/wp-content\/uploads\/2023\/12\/IMG_3085-768x1024.jpg 768w, https:\/\/nuova.lt\/wp-content\/uploads\/2023\/12\/IMG_3085-225x300.jpg 225w, https:\/\/nuova.lt\/wp-content\/uploads\/2023\/12\/IMG_3085-1152x1536.jpg 1152w, https:\/\/nuova.lt\/wp-content\/uploads\/2023\/12\/IMG_3085-1536x2048.jpg 1536w, https:\/\/nuova.lt\/wp-content\/uploads\/2023\/12\/IMG_3085-scaled.jpg 1920w\" sizes=\"(max-width: 768px) 100vw, 768px\" \/>\t\t\t\t\t\t\t\t\t\t\t\t\t<\/div>\n\t\t\t\t<\/div>\n\t\t<div class=\"elementor-element elementor-element-16f809b e-flex e-con-boxed e-con e-child\" data-id=\"16f809b\" data-element_type=\"container\">\n\t\t\t\t\t<div class=\"e-con-inner\">\n\t\t\t\t<div class=\"elementor-element elementor-element-75d0ce7 elementor-widget elementor-widget-text-editor\" data-id=\"75d0ce7\" data-element_type=\"widget\" data-widget_type=\"text-editor.default\">\n\t\t\t\t<div class=\"elementor-widget-container\">\n\t\t\t\t\t\t\t<p>Roma Kugelien\u0117<\/p>\t\t\t\t\t\t<\/div>\n\t\t\t\t<\/div>\n\t\t\t\t<div class=\"elementor-element elementor-element-79159ff elementor-widget elementor-widget-heading\" data-id=\"79159ff\" data-element_type=\"widget\" data-widget_type=\"heading.default\">\n\t\t\t\t<div class=\"elementor-widget-container\">\n\t\t\t<p class=\"elementor-heading-title elementor-size-default\">Administrator<\/p>\t\t<\/div>\n\t\t\t\t<\/div>\n\t\t\t\t<div class=\"elementor-element elementor-element-52fb6f4 elementor-widget elementor-widget-text-editor\" data-id=\"52fb6f4\" data-element_type=\"widget\" data-widget_type=\"text-editor.default\">\n\t\t\t\t<div class=\"elementor-widget-container\">\n\t\t\t\t\t\t\t<p>Phone: +37061295046<br \/>Email: <a href=\"mailto:roma@nuova.lt\">roma@nuova.lt<\/a><\/p>\t\t\t\t\t\t<\/div>\n\t\t\t\t<\/div>\n\t\t\t\t\t<\/div>\n\t\t\t\t<\/div>\n\t\t\t\t\t<\/div>\n\t\t\t\t<\/div>\n\t\t\t\t\t<\/div>\n\t\t\t\t<\/div>\n\t\t\t\t<\/div>","protected":false},"excerpt":{"rendered":"<p>Minvydas Znaidauskas Valdybos pirmininkas AB \u201eNuova\u201c direktorius Liuda Znaidauskien\u0117 Valdybos nar\u0117 Andrius Znaidauskas Valdybos narys Tel. +37068514448El. pa\u0161tas: andrius@nuova.lt Paulius Znaidauskas Valdybos narys Tel. +37069064556El. pa\u0161tas: paulius@nuova.lt Karolis Mik\u0161ta UAB \u201eNuova Capital\u201c direktorius Tel. +37066289521El. pa\u0161tas: karolis@nuova.lt Dovil\u0117 Znaidauskait\u0117 Pardavim\u0173 vadov\u0117 Tel. +37061813881El. pa\u0161tas: rinkodara@nuova.lt Aivaras \u010cepurna Komercijos vadovas\u200b Tel. +37068613173El. pa\u0161tas: aivaras@nuova.lt Indr\u0117 Augustaitien\u0117 [&hellip;]<\/p>","protected":false},"author":1,"featured_media":7273,"parent":20,"menu_order":5,"comment_status":"closed","ping_status":"closed","template":"","meta":{"footnotes":""},"class_list":["post-40","page","type-page","status-publish","has-post-thumbnail","hentry"],"_links":{"self":[{"href":"https:\/\/nuova.lt\/en\/wp-json\/wp\/v2\/pages\/40","targetHints":{"allow":["GET"]}}],"collection":[{"href":"https:\/\/nuova.lt\/en\/wp-json\/wp\/v2\/pages"}],"about":[{"href":"https:\/\/nuova.lt\/en\/wp-json\/wp\/v2\/types\/page"}],"author":[{"embeddable":true,"href":"https:\/\/nuova.lt\/en\/wp-json\/wp\/v2\/users\/1"}],"replies":[{"embeddable":true,"href":"https:\/\/nuova.lt\/en\/wp-json\/wp\/v2\/comments?post=40"}],"version-history":[{"count":0,"href":"https:\/\/nuova.lt\/en\/wp-json\/wp\/v2\/pages\/40\/revisions"}],"up":[{"embeddable":true,"href":"https:\/\/nuova.lt\/en\/wp-json\/wp\/v2\/pages\/20"}],"wp:featuredmedia":[{"embeddable":true,"href":"https:\/\/nuova.lt\/en\/wp-json\/wp\/v2\/media\/7273"}],"wp:attachment":[{"href":"https:\/\/nuova.lt\/en\/wp-json\/wp\/v2\/media?parent=40"}],"curies":[{"name":"wp","href":"https:\/\/api.w.org\/{rel}","templated":true}]}}