{"id":42,"date":"2023-12-04T10:22:43","date_gmt":"2023-12-04T08:22:43","guid":{"rendered":"https:\/\/f4.ecl.lt\/nuova\/?page_id=42"},"modified":"2025-09-25T13:35:12","modified_gmt":"2025-09-25T10:35:12","slug":"karjera","status":"publish","type":"page","link":"https:\/\/nuova.lt\/en\/about-us\/career\/","title":{"rendered":"Career"},"content":{"rendered":"<div data-elementor-type=\"wp-page\" data-elementor-id=\"42\" class=\"elementor elementor-42\" data-elementor-post-type=\"page\">\n\t\t\t\t<div class=\"elementor-element elementor-element-80fd2ab e-flex e-con-boxed e-con e-parent\" data-id=\"80fd2ab\" data-element_type=\"container\" data-core-v316-plus=\"true\">\n\t\t\t\t\t<div class=\"e-con-inner\">\n\t\t<div class=\"elementor-element elementor-element-8cda138 e-flex e-con-boxed e-con e-child\" data-id=\"8cda138\" data-element_type=\"container\">\n\t\t\t\t\t<div class=\"e-con-inner\">\n\t\t\t\t<div class=\"elementor-element elementor-element-a180029 elementor-widget elementor-widget-text-editor\" data-id=\"a180029\" data-element_type=\"widget\" data-widget_type=\"text-editor.default\">\n\t\t\t\t<div class=\"elementor-widget-container\">\n\t\t\t<style>\/*! elementor - v3.20.0 - 26-03-2024 *\/\n.elementor-widget-text-editor.elementor-drop-cap-view-stacked .elementor-drop-cap{background-color:#69727d;color:#fff}.elementor-widget-text-editor.elementor-drop-cap-view-framed .elementor-drop-cap{color:#69727d;border:3px solid;background-color:transparent}.elementor-widget-text-editor:not(.elementor-drop-cap-view-default) .elementor-drop-cap{margin-top:8px}.elementor-widget-text-editor:not(.elementor-drop-cap-view-default) .elementor-drop-cap-letter{width:1em;height:1em}.elementor-widget-text-editor .elementor-drop-cap{float:left;text-align:center;line-height:1;font-size:50px}.elementor-widget-text-editor .elementor-drop-cap-letter{display:inline-block}<\/style>\t\t\t\t<p>Partnership and close relationships are values that are particularly important to us, the Nuova corporate group. We value long-term cooperation with employees and business partners who share a similar outlook on life.<\/p>\t\t\t\t\t\t<\/div>\n\t\t\t\t<\/div>\n\t\t\t\t<div class=\"elementor-element elementor-element-08bfd94 elementor-widget elementor-widget-text-editor\" data-id=\"08bfd94\" data-element_type=\"widget\" data-widget_type=\"text-editor.default\">\n\t\t\t\t<div class=\"elementor-widget-container\">\n\t\t\t\t\t\t\t<p>The \"Auksin\u0117s kopos\" hotel invites applications for permanent positions to join the team:<\/p><ul><li>Administratorius (-es)<\/li><li>Waiter<\/li><li>Cook<\/li><li>Kitchen Assistant<\/li><li>Roomkeeper<\/li><\/ul>\t\t\t\t\t\t<\/div>\n\t\t\t\t<\/div>\n\t\t\t\t<div class=\"elementor-element elementor-element-3203076 elementor-widget elementor-widget-n-accordion\" data-id=\"3203076\" data-element_type=\"widget\" data-settings=\"{&quot;default_state&quot;:&quot;all_collapsed&quot;,&quot;max_items_expended&quot;:&quot;one&quot;,&quot;n_accordion_animation_duration&quot;:{&quot;unit&quot;:&quot;ms&quot;,&quot;size&quot;:400,&quot;sizes&quot;:[]}}\" data-widget_type=\"nested-accordion.default\">\n\t\t\t\t<div class=\"elementor-widget-container\">\n\t\t\t\t\t<div class=\"e-n-accordion\" aria-label=\"Accordion. Open links with Enter or Space, close with Escape, and navigate with Arrow Keys\">\n\t\t\t\t\t\t<details id=\"e-n-accordion-item-5240\" class=\"e-n-accordion-item\" >\n\t\t\t\t<summary class=\"e-n-accordion-item-title\" data-accordion-index=\"1\" tabindex=\"0\" aria-expanded=\"false\" aria-controls=\"e-n-accordion-item-5240\" >\n\t\t\t\t\t<span class='e-n-accordion-item-title-header'><div class=\"e-n-accordion-item-title-text\"> Administrator <\/div><\/span>\n\t\t\t\t\t\t\t<span class='e-n-accordion-item-title-icon'>\n\t\t\t<span class='e-opened' ><svg aria-hidden=\"true\" class=\"e-font-icon-svg e-fas-chevron-up\" viewbox=\"0 0 448 512\" xmlns=\"http:\/\/www.w3.org\/2000\/svg\"><path d=\"M240.971 130.524l194.343 194.343c9.373 9.373 9.373 24.569 0 33.941l-22.667 22.667c-9.357 9.357-24.522 9.375-33.901.04L224 227.495 69.255 381.516c-9.379 9.335-24.544 9.317-33.901-.04l-22.667-22.667c-9.373-9.373-9.373-24.569 0-33.941L207.03 130.525c9.372-9.373 24.568-9.373 33.941-.001z\"><\/path><\/svg><\/span>\n\t\t\t<span class='e-closed'><svg aria-hidden=\"true\" class=\"e-font-icon-svg e-fas-chevron-down\" viewbox=\"0 0 448 512\" xmlns=\"http:\/\/www.w3.org\/2000\/svg\"><path d=\"M207.029 381.476L12.686 187.132c-9.373-9.373-9.373-24.569 0-33.941l22.667-22.667c9.357-9.357 24.522-9.375 33.901-.04L224 284.505l154.745-154.021c9.379-9.335 24.544-9.317 33.901.04l22.667 22.667c9.373 9.373 9.373 24.569 0 33.941L240.971 381.476c-9.373 9.372-24.569 9.372-33.942 0z\"><\/path><\/svg><\/span>\n\t\t<\/span>\n\n\t\t\t\t\t\t<\/summary>\n\t\t\t\t<div role=\"region\" aria-labelledby=\"e-n-accordion-item-5240\" class=\"elementor-element elementor-element-d0e9660 e-con-full e-flex e-con e-child\" data-id=\"d0e9660\" data-element_type=\"container\">\n\t\t\t\t<div class=\"elementor-element elementor-element-6d6cb57 elementor-widget elementor-widget-text-editor\" data-id=\"6d6cb57\" data-element_type=\"widget\" data-widget_type=\"text-editor.default\">\n\t\t\t\t<div class=\"elementor-widget-container\">\n\t\t\t\t\t\t\t<p><strong>Job Description:<\/strong><\/p><ul><li>Communication with clients via phone and email<\/li><li>Welcoming\/escorting guests<\/li><li>Providing information to guests<\/li><li>Computer and document work<\/li><li>Working with reservation system<\/li><li>Shift work<\/li><\/ul><p><strong>Requirements for the Employee:<\/strong><\/p><ul><li>Excellent communication skills, quick orientation, organization, independence<\/li><li>Excellent command of Lithuanian, good knowledge of English and Russian languages<\/li><li>Higher education or equivalent<\/li><li>Good computer skills<\/li><li>Willingness to improve and learn<\/li><li>Neatness, honesty<\/li><li>Experience working in a hotel is an advantage<\/li><\/ul><p><strong>Company Offers:<\/strong><\/p><ul><li>Discounts on hotel and SPA services for you and your family members<\/li><li>Competitive salary commensurate with work experience<\/li><li>Results-based motivational system<\/li><li>Excellent working conditions and all social guarantees<\/li><li>Interesting and dynamic work<\/li><li>Personal and professional development opportunities<\/li><\/ul><p>Send your CV to email: <a href=\"mailto:gm@akopos.lt\">gm@akopos.lt<\/a><\/p><p>For inquiries, call +370 68624008<\/p>\t\t\t\t\t\t<\/div>\n\t\t\t\t<\/div>\n\t\t\t\t<\/div>\n\t\t\t\t\t<\/details>\n\t\t\t\t\t\t<details id=\"e-n-accordion-item-5241\" class=\"e-n-accordion-item\" >\n\t\t\t\t<summary class=\"e-n-accordion-item-title\" data-accordion-index=\"2\" tabindex=\"-1\" aria-expanded=\"false\" aria-controls=\"e-n-accordion-item-5241\" >\n\t\t\t\t\t<span class='e-n-accordion-item-title-header'><div class=\"e-n-accordion-item-title-text\"> Roomkeeper <\/div><\/span>\n\t\t\t\t\t\t\t<span class='e-n-accordion-item-title-icon'>\n\t\t\t<span class='e-opened' ><svg aria-hidden=\"true\" class=\"e-font-icon-svg e-fas-chevron-up\" viewbox=\"0 0 448 512\" xmlns=\"http:\/\/www.w3.org\/2000\/svg\"><path d=\"M240.971 130.524l194.343 194.343c9.373 9.373 9.373 24.569 0 33.941l-22.667 22.667c-9.357 9.357-24.522 9.375-33.901.04L224 227.495 69.255 381.516c-9.379 9.335-24.544 9.317-33.901-.04l-22.667-22.667c-9.373-9.373-9.373-24.569 0-33.941L207.03 130.525c9.372-9.373 24.568-9.373 33.941-.001z\"><\/path><\/svg><\/span>\n\t\t\t<span class='e-closed'><svg aria-hidden=\"true\" class=\"e-font-icon-svg e-fas-chevron-down\" viewbox=\"0 0 448 512\" xmlns=\"http:\/\/www.w3.org\/2000\/svg\"><path d=\"M207.029 381.476L12.686 187.132c-9.373-9.373-9.373-24.569 0-33.941l22.667-22.667c9.357-9.357 24.522-9.375 33.901-.04L224 284.505l154.745-154.021c9.379-9.335 24.544-9.317 33.901.04l22.667 22.667c9.373 9.373 9.373 24.569 0 33.941L240.971 381.476c-9.373 9.372-24.569 9.372-33.942 0z\"><\/path><\/svg><\/span>\n\t\t<\/span>\n\n\t\t\t\t\t\t<\/summary>\n\t\t\t\t<div role=\"region\" aria-labelledby=\"e-n-accordion-item-5241\" class=\"elementor-element elementor-element-2a7e64a e-con-full e-flex e-con e-child\" data-id=\"2a7e64a\" data-element_type=\"container\">\n\t\t\t\t<div class=\"elementor-element elementor-element-250caaf elementor-widget elementor-widget-text-editor\" data-id=\"250caaf\" data-element_type=\"widget\" data-widget_type=\"text-editor.default\">\n\t\t\t\t<div class=\"elementor-widget-container\">\n\t\t\t\t\t\t\t<p><strong>Job Description:<\/strong><\/p><ul><li>Cleaning and tidying hotel rooms, changing bed linens<\/li><li>Flexible work schedule<\/li><\/ul><p><strong>Requirements for the Employee:<\/strong><\/p><ul><li>Neatness, honesty, responsibility<\/li><li>Excellent teamwork skills<\/li><li>Quick orientation<\/li><\/ul><p><strong>Company Offers:<\/strong><\/p><ul><li>Discounts on hotel and SPA services for you and your family members<\/li><li>Competitive salary commensurate with work experience<\/li><li>Results-based motivational system<\/li><li>Excellent working conditions and all social guarantees<\/li><\/ul><p>Send your CV to email: <a href=\"mailto:gm@akopos.lt\">gm@akopos.lt<\/a><\/p><p>For inquiries, call +370 68624008<\/p>\t\t\t\t\t\t<\/div>\n\t\t\t\t<\/div>\n\t\t\t\t<\/div>\n\t\t\t\t\t<\/details>\n\t\t\t\t\t\t<details id=\"e-n-accordion-item-5242\" class=\"e-n-accordion-item\" >\n\t\t\t\t<summary class=\"e-n-accordion-item-title\" data-accordion-index=\"3\" tabindex=\"-1\" aria-expanded=\"false\" aria-controls=\"e-n-accordion-item-5242\" >\n\t\t\t\t\t<span class='e-n-accordion-item-title-header'><div class=\"e-n-accordion-item-title-text\"> Waiter <\/div><\/span>\n\t\t\t\t\t\t\t<span class='e-n-accordion-item-title-icon'>\n\t\t\t<span class='e-opened' ><svg aria-hidden=\"true\" class=\"e-font-icon-svg e-fas-chevron-up\" viewbox=\"0 0 448 512\" xmlns=\"http:\/\/www.w3.org\/2000\/svg\"><path d=\"M240.971 130.524l194.343 194.343c9.373 9.373 9.373 24.569 0 33.941l-22.667 22.667c-9.357 9.357-24.522 9.375-33.901.04L224 227.495 69.255 381.516c-9.379 9.335-24.544 9.317-33.901-.04l-22.667-22.667c-9.373-9.373-9.373-24.569 0-33.941L207.03 130.525c9.372-9.373 24.568-9.373 33.941-.001z\"><\/path><\/svg><\/span>\n\t\t\t<span class='e-closed'><svg aria-hidden=\"true\" class=\"e-font-icon-svg e-fas-chevron-down\" viewbox=\"0 0 448 512\" xmlns=\"http:\/\/www.w3.org\/2000\/svg\"><path d=\"M207.029 381.476L12.686 187.132c-9.373-9.373-9.373-24.569 0-33.941l22.667-22.667c9.357-9.357 24.522-9.375 33.901-.04L224 284.505l154.745-154.021c9.379-9.335 24.544-9.317 33.901.04l22.667 22.667c9.373 9.373 9.373 24.569 0 33.941L240.971 381.476c-9.373 9.372-24.569 9.372-33.942 0z\"><\/path><\/svg><\/span>\n\t\t<\/span>\n\n\t\t\t\t\t\t<\/summary>\n\t\t\t\t<div role=\"region\" aria-labelledby=\"e-n-accordion-item-5242\" class=\"elementor-element elementor-element-587c984 e-con-full e-flex e-con e-child\" data-id=\"587c984\" data-element_type=\"container\">\n\t\t\t\t<div class=\"elementor-element elementor-element-faa25f1 elementor-widget elementor-widget-text-editor\" data-id=\"faa25f1\" data-element_type=\"widget\" data-widget_type=\"text-editor.default\">\n\t\t\t\t<div class=\"elementor-widget-container\">\n\t\t\t\t\t\t\t<p><strong>Job Description:<\/strong><\/p><ul><li>Working in the restaurant, serving breakfast table, and outdoor SPA bar<\/li><li>Shift work<\/li><\/ul><p><strong>Requirements for the Employee:<\/strong><\/p><ul><li>Darbo maitinimo \u012fstaigoje patirtis \u2013 privalumas<\/li><li>Experience working in a catering establishment is an advantage<\/li><li>Excellent communication skills<\/li><li>Experience with R-keeper cash register<\/li><li>Knowledge of etiquette<\/li><\/ul><p><strong>Company Offers:<\/strong><\/p><ul><li>Discounts on hotel and SPA services for you and your family members<\/li><li>Competitive salary commensurate with work experience<\/li><li>Results-based motivational system<\/li><li>Excellent working conditions and all social guarantees<\/li><\/ul><p>Send your CV to email: <a href=\"mailto:gm@akopos.lt\">gm@akopos.lt<\/a><\/p><p>For inquiries, call +370 68624008<\/p>\t\t\t\t\t\t<\/div>\n\t\t\t\t<\/div>\n\t\t\t\t<\/div>\n\t\t\t\t\t<\/details>\n\t\t\t\t\t\t<details id=\"e-n-accordion-item-5243\" class=\"e-n-accordion-item\" >\n\t\t\t\t<summary class=\"e-n-accordion-item-title\" data-accordion-index=\"4\" tabindex=\"-1\" aria-expanded=\"false\" aria-controls=\"e-n-accordion-item-5243\" >\n\t\t\t\t\t<span class='e-n-accordion-item-title-header'><div class=\"e-n-accordion-item-title-text\"> Cook <\/div><\/span>\n\t\t\t\t\t\t\t<span class='e-n-accordion-item-title-icon'>\n\t\t\t<span class='e-opened' ><svg aria-hidden=\"true\" class=\"e-font-icon-svg e-fas-chevron-up\" viewbox=\"0 0 448 512\" xmlns=\"http:\/\/www.w3.org\/2000\/svg\"><path d=\"M240.971 130.524l194.343 194.343c9.373 9.373 9.373 24.569 0 33.941l-22.667 22.667c-9.357 9.357-24.522 9.375-33.901.04L224 227.495 69.255 381.516c-9.379 9.335-24.544 9.317-33.901-.04l-22.667-22.667c-9.373-9.373-9.373-24.569 0-33.941L207.03 130.525c9.372-9.373 24.568-9.373 33.941-.001z\"><\/path><\/svg><\/span>\n\t\t\t<span class='e-closed'><svg aria-hidden=\"true\" class=\"e-font-icon-svg e-fas-chevron-down\" viewbox=\"0 0 448 512\" xmlns=\"http:\/\/www.w3.org\/2000\/svg\"><path d=\"M207.029 381.476L12.686 187.132c-9.373-9.373-9.373-24.569 0-33.941l22.667-22.667c9.357-9.357 24.522-9.375 33.901-.04L224 284.505l154.745-154.021c9.379-9.335 24.544-9.317 33.901.04l22.667 22.667c9.373 9.373 9.373 24.569 0 33.941L240.971 381.476c-9.373 9.372-24.569 9.372-33.942 0z\"><\/path><\/svg><\/span>\n\t\t<\/span>\n\n\t\t\t\t\t\t<\/summary>\n\t\t\t\t<div role=\"region\" aria-labelledby=\"e-n-accordion-item-5243\" class=\"elementor-element elementor-element-a961a22 e-con-full e-flex e-con e-child\" data-id=\"a961a22\" data-element_type=\"container\">\n\t\t\t\t<div class=\"elementor-element elementor-element-2805f49 elementor-widget elementor-widget-text-editor\" data-id=\"2805f49\" data-element_type=\"widget\" data-widget_type=\"text-editor.default\">\n\t\t\t\t<div class=\"elementor-widget-container\">\n\t\t\t\t\t\t\t<p><strong>Job Description:<\/strong><\/p><ul><li>Kitchen work<\/li><\/ul><p><strong>Requirements for the Employee:<\/strong><\/p><ul><li>Passion for working in the kitchen<\/li><li>Neatness, honesty<\/li><li>Excellent communication skills<\/li><\/ul><p><strong>Company Offers:<\/strong><\/p><ul><li>Discounts on hotel and SPA services for you and your family members<\/li><li>Competitive salary commensurate with work experience<\/li><li>Results-based motivational system<\/li><li>Excellent working conditions and all social guarantees<\/li><\/ul><p>CV si\u0173skite el. pa\u0161tu: gm@akopos.lt<\/p><p>For inquiries, call +370 68624008<\/p>\t\t\t\t\t\t<\/div>\n\t\t\t\t<\/div>\n\t\t\t\t<\/div>\n\t\t\t\t\t<\/details>\n\t\t\t\t\t<\/div>\n\t\t\t\t<\/div>\n\t\t\t\t<\/div>\n\t\t\t\t\t<\/div>\n\t\t\t\t<\/div>\n\t\t<div class=\"elementor-element elementor-element-edd6821 e-con-full e-flex e-con e-child\" data-id=\"edd6821\" data-element_type=\"container\" data-settings=\"{&quot;background_background&quot;:&quot;classic&quot;}\">\n\t\t\t\t<div class=\"elementor-element elementor-element-aa49910 elementor-widget elementor-widget-text-editor\" data-id=\"aa49910\" data-element_type=\"widget\" data-widget_type=\"text-editor.default\">\n\t\t\t\t<div class=\"elementor-widget-container\">\n\t\t\t\t\t\t\t<p><strong style=\"background-color: var( --e-global-color-0b79153 ); font-size: 1rem;\">\u201e<a href=\"https:\/\/nuova.lt\/en\/about-us\/\">Nuova<\/a>\u201c<\/strong><span style=\"background-color: var( --e-global-color-0b79153 ); font-size: 1rem;\">\u00a0in the group of companies we employ\/cooperate with employees from various fields: from builders and cleaners to sales managers and landscape specialists.<\/span><\/p><p>We are united by joint work, improvement in our field, warm connection and community spirit.<\/p><p>Want to join our team? Do you have ideas for cooperation? We look forward to hearing from you!<\/p><p>Send your resume by e-mail\u00a0<a style=\"background-color: #f3f3f3;\" href=\"mailto:roma@nuova.lt\">roma@nuova.lt<\/a>. Phone for inquiries +370 (37) 751081. We will inform only selected candidates. We guarantee confidentiality.<\/p>\t\t\t\t\t\t<\/div>\n\t\t\t\t<\/div>\n\t\t\t\t<div class=\"elementor-element elementor-element-5a9994b elementor-align-left elementor-widget elementor-widget-button\" data-id=\"5a9994b\" data-element_type=\"widget\" data-widget_type=\"button.default\">\n\t\t\t\t<div class=\"elementor-widget-container\">\n\t\t\t\t\t<div class=\"elementor-button-wrapper\">\n\t\t\t<a class=\"elementor-button elementor-button-link elementor-size-sm\" href=\"#elementor-action:action=popup:open&settings=eyJpZCI6IjIzOTciLCJ0b2dnbGUiOmZhbHNlfQ==\">\n\t\t\t\t\t\t<span class=\"elementor-button-content-wrapper\">\n\t\t\t\t\t\t<span class=\"elementor-button-text\">Contacts<\/span>\n\t\t<\/span>\n\t\t\t\t\t<\/a>\n\t\t<\/div>\n\t\t\t\t<\/div>\n\t\t\t\t<\/div>\n\t\t\t\t<\/div>\n\t\t\t\t\t<\/div>\n\t\t\t\t<\/div>\n\t\t\t\t<\/div>","protected":false},"excerpt":{"rendered":"<p>Partneryst\u0117 ir glaud\u016bs santykiai \u2013 vertyb\u0117s, kurios mums, \u012fmoni\u0173 grupei \u201eNuova\u201c, ypa\u010d svarbios. Vertiname ilgalaik\u012f bendradarbiavim\u0105 su darbuotojais ir verslo partneriais, su kuriais mus sieja pana\u0161us po\u017ei\u016bris \u012f gyvenim\u0105. Vie\u0161butis \u201eAuksin\u0117s kopos\u201c nuolatiniam darbui prie komandos kvie\u010dia prisijungti: Administratorius (-es) Padav\u0117jus (-as) Vir\u0117jus (-as) Virtuv\u0117s pagalbinis (-\u0117) Kambarin\u0117 Administratorius (-\u0117s) Darbo pob\u016bdis: Bendravimas su klientais, [&hellip;]<\/p>","protected":false},"author":1,"featured_media":7275,"parent":20,"menu_order":6,"comment_status":"closed","ping_status":"closed","template":"","meta":{"footnotes":""},"class_list":["post-42","page","type-page","status-publish","has-post-thumbnail","hentry"],"_links":{"self":[{"href":"https:\/\/nuova.lt\/en\/wp-json\/wp\/v2\/pages\/42","targetHints":{"allow":["GET"]}}],"collection":[{"href":"https:\/\/nuova.lt\/en\/wp-json\/wp\/v2\/pages"}],"about":[{"href":"https:\/\/nuova.lt\/en\/wp-json\/wp\/v2\/types\/page"}],"author":[{"embeddable":true,"href":"https:\/\/nuova.lt\/en\/wp-json\/wp\/v2\/users\/1"}],"replies":[{"embeddable":true,"href":"https:\/\/nuova.lt\/en\/wp-json\/wp\/v2\/comments?post=42"}],"version-history":[{"count":0,"href":"https:\/\/nuova.lt\/en\/wp-json\/wp\/v2\/pages\/42\/revisions"}],"up":[{"embeddable":true,"href":"https:\/\/nuova.lt\/en\/wp-json\/wp\/v2\/pages\/20"}],"wp:featuredmedia":[{"embeddable":true,"href":"https:\/\/nuova.lt\/en\/wp-json\/wp\/v2\/media\/7275"}],"wp:attachment":[{"href":"https:\/\/nuova.lt\/en\/wp-json\/wp\/v2\/media?parent=42"}],"curies":[{"name":"wp","href":"https:\/\/api.w.org\/{rel}","templated":true}]}}