{"id":46,"date":"2023-12-04T10:22:59","date_gmt":"2023-12-04T08:22:59","guid":{"rendered":"https:\/\/f4.ecl.lt\/nuova\/?page_id=46"},"modified":"2025-05-29T11:38:36","modified_gmt":"2025-05-29T08:38:36","slug":"parduodami","status":"publish","type":"page","link":"https:\/\/nuova.lt\/en\/for-living\/for-sale\/","title":{"rendered":"For Sale"},"content":{"rendered":"<div data-elementor-type=\"wp-page\" data-elementor-id=\"46\" class=\"elementor elementor-46\" data-elementor-post-type=\"page\">\n\t\t\t\t<div class=\"elementor-element elementor-element-6bb1f70 e-flex e-con-boxed e-con e-parent\" data-id=\"6bb1f70\" data-element_type=\"container\" data-core-v316-plus=\"true\">\n\t\t\t\t\t<div class=\"e-con-inner\">\n\t\t\t\t<div class=\"elementor-element elementor-element-9ec4354 elementor-widget elementor-widget-heading\" data-id=\"9ec4354\" data-element_type=\"widget\" data-widget_type=\"heading.default\">\n\t\t\t\t<div class=\"elementor-widget-container\">\n\t\t\t<style>\/*! elementor - v3.20.0 - 26-03-2024 *\/\n.elementor-heading-title{padding:0;margin:0;line-height:1}.elementor-widget-heading .elementor-heading-title[class*=elementor-size-]>a{color:inherit;font-size:inherit;line-height:inherit}.elementor-widget-heading .elementor-heading-title.elementor-size-small{font-size:15px}.elementor-widget-heading .elementor-heading-title.elementor-size-medium{font-size:19px}.elementor-widget-heading .elementor-heading-title.elementor-size-large{font-size:29px}.elementor-widget-heading .elementor-heading-title.elementor-size-xl{font-size:39px}.elementor-widget-heading .elementor-heading-title.elementor-size-xxl{font-size:59px}<\/style><h2 class=\"elementor-heading-title elementor-size-default\">Newly built apartments in Kaunas and by the seaside \u2013 these are our real estate properties that you can purchase now! <\/h2>\t\t<\/div>\n\t\t\t\t<\/div>\n\t\t\t\t<div class=\"elementor-element elementor-element-1d31185 elementor-widget elementor-widget-jet-listing-grid\" data-id=\"1d31185\" data-element_type=\"widget\" data-settings=\"{&quot;columns&quot;:&quot;1&quot;}\" data-widget_type=\"jet-listing-grid.default\">\n\t\t\t\t<div class=\"elementor-widget-container\">\n\t\t\t<div class=\"jet-listing-grid jet-listing\"><div class=\"jet-listing-grid__items grid-col-desk-1 grid-col-tablet-1 grid-col-mobile-1 jet-listing-grid--422\" data-queried-id=\"46|WP_Post\" data-nav=\"{&quot;enabled&quot;:false,&quot;type&quot;:null,&quot;more_el&quot;:null,&quot;query&quot;:[],&quot;widget_settings&quot;:{&quot;lisitng_id&quot;:422,&quot;posts_num&quot;:6,&quot;columns&quot;:1,&quot;columns_tablet&quot;:1,&quot;columns_mobile&quot;:1,&quot;is_archive_template&quot;:&quot;&quot;,&quot;post_status&quot;:[&quot;publish&quot;],&quot;use_random_posts_num&quot;:&quot;&quot;,&quot;max_posts_num&quot;:9,&quot;not_found_message&quot;:&quot;No data was found&quot;,&quot;is_masonry&quot;:false,&quot;equal_columns_height&quot;:&quot;&quot;,&quot;use_load_more&quot;:&quot;&quot;,&quot;load_more_id&quot;:&quot;&quot;,&quot;load_more_type&quot;:&quot;click&quot;,&quot;load_more_offset&quot;:{&quot;unit&quot;:&quot;px&quot;,&quot;size&quot;:0,&quot;sizes&quot;:[]},&quot;use_custom_post_types&quot;:&quot;&quot;,&quot;custom_post_types&quot;:[],&quot;hide_widget_if&quot;:&quot;&quot;,&quot;carousel_enabled&quot;:&quot;&quot;,&quot;slides_to_scroll&quot;:&quot;1&quot;,&quot;arrows&quot;:&quot;true&quot;,&quot;arrow_icon&quot;:&quot;fa fa-angle-left&quot;,&quot;dots&quot;:&quot;&quot;,&quot;autoplay&quot;:&quot;true&quot;,&quot;pause_on_hover&quot;:&quot;true&quot;,&quot;autoplay_speed&quot;:5000,&quot;infinite&quot;:&quot;true&quot;,&quot;center_mode&quot;:&quot;&quot;,&quot;effect&quot;:&quot;slide&quot;,&quot;speed&quot;:500,&quot;inject_alternative_items&quot;:&quot;yes&quot;,&quot;injection_items&quot;:[{&quot;_id&quot;:&quot;5b81618&quot;,&quot;item&quot;:&quot;530&quot;}],&quot;scroll_slider_enabled&quot;:&quot;&quot;,&quot;scroll_slider_on&quot;:[&quot;desktop&quot;,&quot;tablet&quot;,&quot;mobile&quot;],&quot;custom_query&quot;:false,&quot;custom_query_id&quot;:&quot;&quot;,&quot;_element_id&quot;:&quot;&quot;}}\" data-page=\"1\" data-pages=\"1\" data-listing-source=\"posts\" data-listing-id=\"422\" data-query-id=\"\"><div class=\"jet-listing-grid__item jet-listing-dynamic-post-414\" data-post-id=\"414\" ><style type=\"text\/css\">.jet-listing-dynamic-post-414 .elementor-element.elementor-element-ec836b2:not(.elementor-motion-effects-element-type-background), .jet-listing-dynamic-post-414 .elementor-element.elementor-element-ec836b2 > .elementor-motion-effects-container > .elementor-motion-effects-layer{background-image:url(\"https:\/\/nuova.lt\/wp-content\/uploads\/2023\/12\/R004_dieninis-2020-08-25-scaled.jpg\");}<\/style>\t\t<div data-elementor-type=\"jet-listing-items\" data-elementor-id=\"422\" class=\"elementor elementor-422\" data-elementor-post-type=\"jet-engine\">\n\t\t\t\t<div class=\"elementor-element elementor-element-ec836b2 e-con-full e-flex e-con e-parent\" data-id=\"ec836b2\" data-element_type=\"container\" data-settings=\"{&quot;background_background&quot;:&quot;classic&quot;}\" data-core-v316-plus=\"true\">\n\t\t<div class=\"elementor-element elementor-element-4a0fd89 e-con-full e-flex e-con e-child\" data-id=\"4a0fd89\" data-element_type=\"container\">\n\t\t\t\t<div class=\"elementor-element elementor-element-fa50df4 elementor-widget elementor-widget-image\" data-id=\"fa50df4\" data-element_type=\"widget\" data-widget_type=\"image.default\">\n\t\t\t\t<div class=\"elementor-widget-container\">\n\t\t\t<style>\/*! elementor - v3.20.0 - 26-03-2024 *\/\n.elementor-widget-image{text-align:center}.elementor-widget-image a{display:inline-block}.elementor-widget-image a img[src$=\".svg\"]{width:48px}.elementor-widget-image img{vertical-align:middle;display:inline-block}<\/style>\t\t\t\t\t\t\t\t\t\t<img fetchpriority=\"high\" decoding=\"async\" width=\"800\" height=\"395\" src=\"https:\/\/nuova.lt\/wp-content\/uploads\/2023\/12\/Genplanis_04-1-1024x505.jpg\" class=\"attachment-large size-large wp-image-1716\" alt=\"Naujos statybos butai Kaune, kvartale Naujapilis\" srcset=\"https:\/\/nuova.lt\/wp-content\/uploads\/2023\/12\/Genplanis_04-1-1024x505.jpg 1024w, https:\/\/nuova.lt\/wp-content\/uploads\/2023\/12\/Genplanis_04-1-300x148.jpg 300w, https:\/\/nuova.lt\/wp-content\/uploads\/2023\/12\/Genplanis_04-1-768x379.jpg 768w, https:\/\/nuova.lt\/wp-content\/uploads\/2023\/12\/Genplanis_04-1.jpg 1420w\" sizes=\"(max-width: 800px) 100vw, 800px\" \/>\t\t\t\t\t\t\t\t\t\t\t\t\t<\/div>\n\t\t\t\t<\/div>\n\t\t\t\t<\/div>\n\t\t<div class=\"elementor-element elementor-element-8ac56a5 e-con-full e-flex e-con e-child\" data-id=\"8ac56a5\" data-element_type=\"container\" data-settings=\"{&quot;background_background&quot;:&quot;classic&quot;}\">\n\t\t\t\t<div class=\"elementor-element elementor-element-592e26f elementor-widget elementor-widget-heading\" data-id=\"592e26f\" data-element_type=\"widget\" data-widget_type=\"heading.default\">\n\t\t\t\t<div class=\"elementor-widget-container\">\n\t\t\t<h2 class=\"elementor-heading-title elementor-size-default\">Naujapilis<\/h2>\t\t<\/div>\n\t\t\t\t<\/div>\n\t\t\t\t<div class=\"elementor-element elementor-element-58093de elementor-widget elementor-widget-text-editor\" data-id=\"58093de\" data-element_type=\"widget\" data-widget_type=\"text-editor.default\">\n\t\t\t\t<div class=\"elementor-widget-container\">\n\t\t\t<style>\/*! elementor - v3.20.0 - 26-03-2024 *\/\n.elementor-widget-text-editor.elementor-drop-cap-view-stacked .elementor-drop-cap{background-color:#69727d;color:#fff}.elementor-widget-text-editor.elementor-drop-cap-view-framed .elementor-drop-cap{color:#69727d;border:3px solid;background-color:transparent}.elementor-widget-text-editor:not(.elementor-drop-cap-view-default) .elementor-drop-cap{margin-top:8px}.elementor-widget-text-editor:not(.elementor-drop-cap-view-default) .elementor-drop-cap-letter{width:1em;height:1em}.elementor-widget-text-editor .elementor-drop-cap{float:left;text-align:center;line-height:1;font-size:50px}.elementor-widget-text-editor .elementor-drop-cap-letter{display:inline-block}<\/style>\t\t\t\t<p>\"Naujapilis\" \u2013 newly built apartments in Kaunas, located in a private neighborhood in \u017daliakalnis. This fully enclosed complex consists of 10 low-rise buildings, situated on the \u017daliakalnis slope with panoramic views of the Neris River. Our neighborhood is designed for people who want to balance the dynamism of city life with the tranquility of nature, offering a safe home for families and a prudent investment.<\/p>\n<p>&nbsp;<\/p>\n\t\t\t\t\t\t<\/div>\n\t\t\t\t<\/div>\n\t\t\t\t<div class=\"elementor-element elementor-element-6a3c7ed jedv-enabled--yes elementor-icon-list--layout-traditional elementor-list-item-link-full_width elementor-widget elementor-widget-icon-list\" data-id=\"6a3c7ed\" data-element_type=\"widget\" data-widget_type=\"icon-list.default\">\n\t\t\t\t<div class=\"elementor-widget-container\">\n\t\t\t<link rel=\"stylesheet\" href=\"https:\/\/nuova.lt\/wp-content\/plugins\/elementor\/assets\/css\/widget-icon-list.min.css\">\t\t<ul class=\"elementor-icon-list-items\">\n\t\t\t\t\t\t\t<li class=\"elementor-icon-list-item\">\n\t\t\t\t\t\t\t\t\t\t<span class=\"elementor-icon-list-text\">Project Status: For Sale<\/span>\n\t\t\t\t\t\t\t\t\t<\/li>\n\t\t\t\t\t\t<\/ul>\n\t\t\t\t<\/div>\n\t\t\t\t<\/div>\n\t\t\t\t<div class=\"elementor-element elementor-element-df75785 elementor-icon-list--layout-traditional elementor-list-item-link-full_width elementor-widget elementor-widget-icon-list\" data-id=\"df75785\" data-element_type=\"widget\" data-widget_type=\"icon-list.default\">\n\t\t\t\t<div class=\"elementor-widget-container\">\n\t\t\t\t\t<ul class=\"elementor-icon-list-items\">\n\t\t\t\t\t\t\t<li class=\"elementor-icon-list-item\">\n\t\t\t\t\t\t\t\t\t\t<span class=\"elementor-icon-list-text\">Address: \u017deimenos St. 147, Kaunas<\/span>\n\t\t\t\t\t\t\t\t\t<\/li>\n\t\t\t\t\t\t\t\t<li class=\"elementor-icon-list-item\">\n\t\t\t\t\t\t\t\t\t\t<span class=\"elementor-icon-list-text\">Year of Construction: 2021-2027<\/span>\n\t\t\t\t\t\t\t\t\t<\/li>\n\t\t\t\t\t\t<\/ul>\n\t\t\t\t<\/div>\n\t\t\t\t<\/div>\n\t\t\t\t<div class=\"elementor-element elementor-element-9484b2c elementor-widget elementor-widget-button\" data-id=\"9484b2c\" data-element_type=\"widget\" data-widget_type=\"button.default\">\n\t\t\t\t<div class=\"elementor-widget-container\">\n\t\t\t\t\t<div class=\"elementor-button-wrapper\">\n\t\t\t<a class=\"elementor-button elementor-button-link elementor-size-sm\" href=\"https:\/\/nuova.lt\/en\/projektai\/naujapilis\/\">\n\t\t\t\t\t\t<span class=\"elementor-button-content-wrapper\">\n\t\t\t\t\t\t<span class=\"elementor-button-text\">More about this project<\/span>\n\t\t<\/span>\n\t\t\t\t\t<\/a>\n\t\t<\/div>\n\t\t\t\t<\/div>\n\t\t\t\t<\/div>\n\t\t\t\t<div class=\"elementor-element elementor-element-242a38f elementor-widget elementor-widget-heading\" data-id=\"242a38f\" data-element_type=\"widget\" data-widget_type=\"heading.default\">\n\t\t\t\t<div class=\"elementor-widget-container\">\n\t\t\t<p class=\"elementor-heading-title elementor-size-default\"><a href=\"http:\/\/www.naujapilis.lt\" target=\"_blank\" rel=\"noopener\">www.naujapilis.lt<\/a><\/p>\t\t<\/div>\n\t\t\t\t<\/div>\n\t\t\t\t<\/div>\n\t\t\t\t<\/div>\n\t\t\t\t<\/div>\n\t\t<\/div><div class=\"jet-listing-grid__item jet-listing-dynamic-post-541 jet-listing-grid--530\" data-post-id=\"541\" ><style type=\"text\/css\">.jet-listing-dynamic-post-541 .elementor-element.elementor-element-f6af9ca:not(.elementor-motion-effects-element-type-background), .jet-listing-dynamic-post-541 .elementor-element.elementor-element-f6af9ca > .elementor-motion-effects-container > .elementor-motion-effects-layer{background-image:url(\"https:\/\/nuova.lt\/wp-content\/uploads\/2023\/12\/Nuova-Capital-1st_8_1-2.jpg\");}<\/style>\t\t<div data-elementor-type=\"jet-listing-items\" data-elementor-id=\"530\" class=\"elementor elementor-530\" data-elementor-post-type=\"jet-engine\">\n\t\t\t\t<div class=\"elementor-element elementor-element-f6af9ca e-flex e-con-boxed e-con e-parent\" data-id=\"f6af9ca\" data-element_type=\"container\" data-settings=\"{&quot;background_background&quot;:&quot;classic&quot;}\" data-core-v316-plus=\"true\">\n\t\t\t\t\t<div class=\"e-con-inner\">\n\t\t<div class=\"elementor-element elementor-element-fc7709d e-con-full e-flex e-con e-child\" data-id=\"fc7709d\" data-element_type=\"container\" data-settings=\"{&quot;background_background&quot;:&quot;classic&quot;}\">\n\t\t\t\t<div class=\"elementor-element elementor-element-616c345 elementor-widget elementor-widget-heading\" data-id=\"616c345\" data-element_type=\"widget\" data-widget_type=\"heading.default\">\n\t\t\t\t<div class=\"elementor-widget-container\">\n\t\t\t<h2 class=\"elementor-heading-title elementor-size-default\">Gar\u0161v\u0117s sl\u0117nis<\/h2>\t\t<\/div>\n\t\t\t\t<\/div>\n\t\t\t\t<div class=\"elementor-element elementor-element-e9ce126 elementor-widget elementor-widget-text-editor\" data-id=\"e9ce126\" data-element_type=\"widget\" data-widget_type=\"text-editor.default\">\n\t\t\t\t<div class=\"elementor-widget-container\">\n\t\t\t\t\t\t\t<p>\"Gar\u0161v\u0117s sl\u0117nis\" - an individual home quarter in Vai\u0161vydava, in the neighborhood of Kaunas Reservoir. We understand the joy of living in a private home with a yard, fostering a sense of community with neighbors, while maintaining a connection with the surrounding nature. We have built 19 high-quality single-story homes with spacious plots (7-10 a), providing the freedom to create the environment you dream of.<\/p>\n<p>&nbsp;<\/p>\n\t\t\t\t\t\t<\/div>\n\t\t\t\t<\/div>\n\t\t\t\t<div class=\"elementor-element elementor-element-68f5ff9 jedv-enabled--yes elementor-icon-list--layout-traditional elementor-list-item-link-full_width elementor-widget elementor-widget-icon-list\" data-id=\"68f5ff9\" data-element_type=\"widget\" data-widget_type=\"icon-list.default\">\n\t\t\t\t<div class=\"elementor-widget-container\">\n\t\t\t\t\t<ul class=\"elementor-icon-list-items\">\n\t\t\t\t\t\t\t<li class=\"elementor-icon-list-item\">\n\t\t\t\t\t\t\t\t\t\t<span class=\"elementor-icon-list-text\">Project Status: For Sale<\/span>\n\t\t\t\t\t\t\t\t\t<\/li>\n\t\t\t\t\t\t<\/ul>\n\t\t\t\t<\/div>\n\t\t\t\t<\/div>\n\t\t\t\t<div class=\"elementor-element elementor-element-1068868 elementor-icon-list--layout-traditional elementor-list-item-link-full_width elementor-widget elementor-widget-icon-list\" data-id=\"1068868\" data-element_type=\"widget\" data-widget_type=\"icon-list.default\">\n\t\t\t\t<div class=\"elementor-widget-container\">\n\t\t\t\t\t<ul class=\"elementor-icon-list-items\">\n\t\t\t\t\t\t\t<li class=\"elementor-icon-list-item\">\n\t\t\t\t\t\t\t\t\t\t<span class=\"elementor-icon-list-text\">Address: Pagar\u0161vio street, Kaunas<\/span>\n\t\t\t\t\t\t\t\t\t<\/li>\n\t\t\t\t\t\t\t\t<li class=\"elementor-icon-list-item\">\n\t\t\t\t\t\t\t\t\t\t<span class=\"elementor-icon-list-text\">Year of construction: 2022-2024<\/span>\n\t\t\t\t\t\t\t\t\t<\/li>\n\t\t\t\t\t\t<\/ul>\n\t\t\t\t<\/div>\n\t\t\t\t<\/div>\n\t\t\t\t<div class=\"elementor-element elementor-element-6bdf032 elementor-widget elementor-widget-button\" data-id=\"6bdf032\" data-element_type=\"widget\" data-widget_type=\"button.default\">\n\t\t\t\t<div class=\"elementor-widget-container\">\n\t\t\t\t\t<div class=\"elementor-button-wrapper\">\n\t\t\t<a class=\"elementor-button elementor-button-link elementor-size-sm\" href=\"https:\/\/nuova.lt\/en\/projektai\/garsves-slenis\/\">\n\t\t\t\t\t\t<span class=\"elementor-button-content-wrapper\">\n\t\t\t\t\t\t<span class=\"elementor-button-text\">More about this project<\/span>\n\t\t<\/span>\n\t\t\t\t\t<\/a>\n\t\t<\/div>\n\t\t\t\t<\/div>\n\t\t\t\t<\/div>\n\t\t\t\t<div class=\"elementor-element elementor-element-1a7b8ac elementor-widget elementor-widget-heading\" data-id=\"1a7b8ac\" data-element_type=\"widget\" data-widget_type=\"heading.default\">\n\t\t\t\t<div class=\"elementor-widget-container\">\n\t\t\t<p class=\"elementor-heading-title elementor-size-default\"><a href=\"http:\/\/www.garsvesslenis.lt\" target=\"_blank\" rel=\"noopener\">www.garsvesslenis.lt<\/a><\/p>\t\t<\/div>\n\t\t\t\t<\/div>\n\t\t\t\t<\/div>\n\t\t<div class=\"elementor-element elementor-element-a5cef66 e-con-full e-flex e-con e-child\" data-id=\"a5cef66\" data-element_type=\"container\">\n\t\t\t\t<div class=\"elementor-element elementor-element-b528adc elementor-widget elementor-widget-image\" data-id=\"b528adc\" data-element_type=\"widget\" data-widget_type=\"image.default\">\n\t\t\t\t<div class=\"elementor-widget-container\">\n\t\t\t\t\t\t\t\t\t\t\t\t\t<img decoding=\"async\" width=\"800\" height=\"395\" src=\"https:\/\/nuova.lt\/wp-content\/uploads\/2023\/12\/Dron-vaisv-1-1-1024x505.jpg\" class=\"attachment-large size-large wp-image-1749\" alt=\"\" srcset=\"https:\/\/nuova.lt\/wp-content\/uploads\/2023\/12\/Dron-vaisv-1-1-1024x505.jpg 1024w, https:\/\/nuova.lt\/wp-content\/uploads\/2023\/12\/Dron-vaisv-1-1-300x148.jpg 300w, https:\/\/nuova.lt\/wp-content\/uploads\/2023\/12\/Dron-vaisv-1-1-768x379.jpg 768w, https:\/\/nuova.lt\/wp-content\/uploads\/2023\/12\/Dron-vaisv-1-1.jpg 1420w\" sizes=\"(max-width: 800px) 100vw, 800px\" \/>\t\t\t\t\t\t\t\t\t\t\t\t\t<\/div>\n\t\t\t\t<\/div>\n\t\t\t\t<\/div>\n\t\t\t\t\t<\/div>\n\t\t\t\t<\/div>\n\t\t\t\t<\/div>\n\t\t<\/div><div class=\"jet-listing-grid__item jet-listing-dynamic-post-1258\" data-post-id=\"1258\" ><style type=\"text\/css\">.jet-listing-dynamic-post-1258 .elementor-element.elementor-element-ec836b2:not(.elementor-motion-effects-element-type-background), .jet-listing-dynamic-post-1258 .elementor-element.elementor-element-ec836b2 > .elementor-motion-effects-container > .elementor-motion-effects-layer{background-image:url(\"https:\/\/nuova.lt\/wp-content\/uploads\/2023\/12\/DJI_20231016113756_0072_D-1.jpg\");}<\/style>\t\t<div data-elementor-type=\"jet-listing-items\" data-elementor-id=\"422\" class=\"elementor elementor-422\" data-elementor-post-type=\"jet-engine\">\n\t\t\t\t<div class=\"elementor-element elementor-element-ec836b2 e-con-full e-flex e-con e-parent\" data-id=\"ec836b2\" data-element_type=\"container\" data-settings=\"{&quot;background_background&quot;:&quot;classic&quot;}\" data-core-v316-plus=\"true\">\n\t\t<div class=\"elementor-element elementor-element-4a0fd89 e-con-full e-flex e-con e-child\" data-id=\"4a0fd89\" data-element_type=\"container\">\n\t\t\t\t<div class=\"elementor-element elementor-element-fa50df4 elementor-widget elementor-widget-image\" data-id=\"fa50df4\" data-element_type=\"widget\" data-widget_type=\"image.default\">\n\t\t\t\t<div class=\"elementor-widget-container\">\n\t\t\t\t\t\t\t\t\t\t\t\t\t<img decoding=\"async\" width=\"800\" height=\"449\" src=\"https:\/\/nuova.lt\/wp-content\/uploads\/2023\/12\/DJI_20240514111754_0181_D-Large-1024x575.jpg\" class=\"attachment-large size-large wp-image-7234\" alt=\"\" srcset=\"https:\/\/nuova.lt\/wp-content\/uploads\/2023\/12\/DJI_20240514111754_0181_D-Large-1024x575.jpg 1024w, https:\/\/nuova.lt\/wp-content\/uploads\/2023\/12\/DJI_20240514111754_0181_D-Large-300x168.jpg 300w, https:\/\/nuova.lt\/wp-content\/uploads\/2023\/12\/DJI_20240514111754_0181_D-Large-768x431.jpg 768w, https:\/\/nuova.lt\/wp-content\/uploads\/2023\/12\/DJI_20240514111754_0181_D-Large-1536x862.jpg 1536w, https:\/\/nuova.lt\/wp-content\/uploads\/2023\/12\/DJI_20240514111754_0181_D-Large-18x10.jpg 18w, https:\/\/nuova.lt\/wp-content\/uploads\/2023\/12\/DJI_20240514111754_0181_D-Large.jpg 1920w\" sizes=\"(max-width: 800px) 100vw, 800px\" \/>\t\t\t\t\t\t\t\t\t\t\t\t\t<\/div>\n\t\t\t\t<\/div>\n\t\t\t\t<\/div>\n\t\t<div class=\"elementor-element elementor-element-8ac56a5 e-con-full e-flex e-con e-child\" data-id=\"8ac56a5\" data-element_type=\"container\" data-settings=\"{&quot;background_background&quot;:&quot;classic&quot;}\">\n\t\t\t\t<div class=\"elementor-element elementor-element-592e26f elementor-widget elementor-widget-heading\" data-id=\"592e26f\" data-element_type=\"widget\" data-widget_type=\"heading.default\">\n\t\t\t\t<div class=\"elementor-widget-container\">\n\t\t\t<h2 class=\"elementor-heading-title elementor-size-default\">Apartamentai kopose<\/h2>\t\t<\/div>\n\t\t\t\t<\/div>\n\t\t\t\t<div class=\"elementor-element elementor-element-58093de elementor-widget elementor-widget-text-editor\" data-id=\"58093de\" data-element_type=\"widget\" data-widget_type=\"text-editor.default\">\n\t\t\t\t<div class=\"elementor-widget-container\">\n\t\t\t\t\t\t\t<p>\"Apartamentai kopose\" - these are apartments in \u0160ventoji, fulfilling the dream of having your own home by the sea. We have built a complex of four buildings just 50 meters from the beach, maintaining harmony with nature, which is why we come here.<\/p>\n<p>&nbsp;<\/p>\n\t\t\t\t\t\t<\/div>\n\t\t\t\t<\/div>\n\t\t\t\t<div class=\"elementor-element elementor-element-6a3c7ed jedv-enabled--yes elementor-icon-list--layout-traditional elementor-list-item-link-full_width elementor-widget elementor-widget-icon-list\" data-id=\"6a3c7ed\" data-element_type=\"widget\" data-widget_type=\"icon-list.default\">\n\t\t\t\t<div class=\"elementor-widget-container\">\n\t\t\t\t\t<ul class=\"elementor-icon-list-items\">\n\t\t\t\t\t\t\t<li class=\"elementor-icon-list-item\">\n\t\t\t\t\t\t\t\t\t\t<span class=\"elementor-icon-list-text\">Project Status: For Sale<\/span>\n\t\t\t\t\t\t\t\t\t<\/li>\n\t\t\t\t\t\t<\/ul>\n\t\t\t\t<\/div>\n\t\t\t\t<\/div>\n\t\t\t\t<div class=\"elementor-element elementor-element-df75785 elementor-icon-list--layout-traditional elementor-list-item-link-full_width elementor-widget elementor-widget-icon-list\" data-id=\"df75785\" data-element_type=\"widget\" data-widget_type=\"icon-list.default\">\n\t\t\t\t<div class=\"elementor-widget-container\">\n\t\t\t\t\t<ul class=\"elementor-icon-list-items\">\n\t\t\t\t\t\t\t<li class=\"elementor-icon-list-item\">\n\t\t\t\t\t\t\t\t\t\t<span class=\"elementor-icon-list-text\">Address: J\u016bros street 30B, \u0160ventoji<\/span>\n\t\t\t\t\t\t\t\t\t<\/li>\n\t\t\t\t\t\t\t\t<li class=\"elementor-icon-list-item\">\n\t\t\t\t\t\t\t\t\t\t<span class=\"elementor-icon-list-text\">Year of construction: 2023-2024<\/span>\n\t\t\t\t\t\t\t\t\t<\/li>\n\t\t\t\t\t\t<\/ul>\n\t\t\t\t<\/div>\n\t\t\t\t<\/div>\n\t\t\t\t<div class=\"elementor-element elementor-element-9484b2c elementor-widget elementor-widget-button\" data-id=\"9484b2c\" data-element_type=\"widget\" data-widget_type=\"button.default\">\n\t\t\t\t<div class=\"elementor-widget-container\">\n\t\t\t\t\t<div class=\"elementor-button-wrapper\">\n\t\t\t<a class=\"elementor-button elementor-button-link elementor-size-sm\" href=\"https:\/\/nuova.lt\/en\/projektai\/apartamentai-kopose\/\">\n\t\t\t\t\t\t<span class=\"elementor-button-content-wrapper\">\n\t\t\t\t\t\t<span class=\"elementor-button-text\">More about this project<\/span>\n\t\t<\/span>\n\t\t\t\t\t<\/a>\n\t\t<\/div>\n\t\t\t\t<\/div>\n\t\t\t\t<\/div>\n\t\t\t\t<\/div>\n\t\t\t\t<\/div>\n\t\t\t\t<\/div>\n\t\t<\/div><\/div><\/div>\t\t<\/div>\n\t\t\t\t<\/div>\n\t\t\t\t\t<\/div>\n\t\t\t\t<\/div>\n\t\t\t\t<\/div>","protected":false},"excerpt":{"rendered":"<p>Naujos statybos butai Kaune ir paj\u016bryje \u2013 tai m\u016bs\u0173 nekilnojamo turto objektai, kuriuos jau dabar galite \u012fsigyti! Apie \u0161\u012f projekt\u0105 pla\u010diau Apie \u0161\u012f projekt\u0105 pla\u010diau Apie \u0161\u012f projekt\u0105 pla\u010diau<\/p>","protected":false},"author":1,"featured_media":0,"parent":22,"menu_order":2,"comment_status":"closed","ping_status":"closed","template":"","meta":{"footnotes":""},"class_list":["post-46","page","type-page","status-publish","hentry"],"_links":{"self":[{"href":"https:\/\/nuova.lt\/en\/wp-json\/wp\/v2\/pages\/46","targetHints":{"allow":["GET"]}}],"collection":[{"href":"https:\/\/nuova.lt\/en\/wp-json\/wp\/v2\/pages"}],"about":[{"href":"https:\/\/nuova.lt\/en\/wp-json\/wp\/v2\/types\/page"}],"author":[{"embeddable":true,"href":"https:\/\/nuova.lt\/en\/wp-json\/wp\/v2\/users\/1"}],"replies":[{"embeddable":true,"href":"https:\/\/nuova.lt\/en\/wp-json\/wp\/v2\/comments?post=46"}],"version-history":[{"count":0,"href":"https:\/\/nuova.lt\/en\/wp-json\/wp\/v2\/pages\/46\/revisions"}],"up":[{"embeddable":true,"href":"https:\/\/nuova.lt\/en\/wp-json\/wp\/v2\/pages\/22"}],"wp:attachment":[{"href":"https:\/\/nuova.lt\/en\/wp-json\/wp\/v2\/media?parent=46"}],"curies":[{"name":"wp","href":"https:\/\/api.w.org\/{rel}","templated":true}]}}