{"id":56,"date":"2023-12-04T10:23:43","date_gmt":"2023-12-04T08:23:43","guid":{"rendered":"https:\/\/f4.ecl.lt\/nuova\/?page_id=56"},"modified":"2024-04-04T11:35:22","modified_gmt":"2024-04-04T08:35:22","slug":"nuoma","status":"publish","type":"page","link":"https:\/\/nuova.lt\/en\/for-business\/rental\/","title":{"rendered":"Rental"},"content":{"rendered":"<div data-elementor-type=\"wp-page\" data-elementor-id=\"56\" class=\"elementor elementor-56\" data-elementor-post-type=\"page\">\n\t\t\t\t<div class=\"elementor-element elementor-element-e96c5b9 e-flex e-con-boxed e-con e-parent\" data-id=\"e96c5b9\" data-element_type=\"container\" data-core-v316-plus=\"true\">\n\t\t\t\t\t<div class=\"e-con-inner\">\n\t\t\t\t<div class=\"elementor-element elementor-element-a71e8c5 elementor-widget elementor-widget-text-editor\" data-id=\"a71e8c5\" data-element_type=\"widget\" data-widget_type=\"text-editor.default\">\n\t\t\t\t<div class=\"elementor-widget-container\">\n\t\t\t<style>\/*! elementor - v3.20.0 - 26-03-2024 *\/\n.elementor-widget-text-editor.elementor-drop-cap-view-stacked .elementor-drop-cap{background-color:#69727d;color:#fff}.elementor-widget-text-editor.elementor-drop-cap-view-framed .elementor-drop-cap{color:#69727d;border:3px solid;background-color:transparent}.elementor-widget-text-editor:not(.elementor-drop-cap-view-default) .elementor-drop-cap{margin-top:8px}.elementor-widget-text-editor:not(.elementor-drop-cap-view-default) .elementor-drop-cap-letter{width:1em;height:1em}.elementor-widget-text-editor .elementor-drop-cap{float:left;text-align:center;line-height:1;font-size:50px}.elementor-widget-text-editor .elementor-drop-cap-letter{display:inline-block}<\/style>\t\t\t\t<p>Rental of Commercial Premises in Kaunas City Center and Old Town<\/p><p>Currently, all premises are rented out. If any premises become available, information will be posted on this page.<\/p><p>For rental inquiries, please contact us using the provided <a href=\"https:\/\/nuova.lt\/en\/contacts\/\">contact details<\/a>.<\/p><p class=\"MsoNormal\" style=\"margin: 0cm; font-size: 12pt; font-family: 'Times New Roman', serif; color: #000000;\">\u00a0<\/p>\t\t\t\t\t\t<\/div>\n\t\t\t\t<\/div>\n\t\t\t\t\t<\/div>\n\t\t\t\t<\/div>\n\t\t<div class=\"elementor-element elementor-element-f3eea2b e-grid e-con-boxed e-con e-child\" data-id=\"f3eea2b\" data-element_type=\"container\">\n\t\t\t\t\t<div class=\"e-con-inner\">\n\t\t<div class=\"elementor-element elementor-element-147548b e-flex e-con-boxed e-con e-child\" data-id=\"147548b\" data-element_type=\"container\">\n\t\t\t\t\t<div class=\"e-con-inner\">\n\t\t\t\t<div class=\"elementor-element elementor-element-a70d1a2 elementor-widget elementor-widget-text-editor\" data-id=\"a70d1a2\" data-element_type=\"widget\" data-widget_type=\"text-editor.default\">\n\t\t\t\t<div class=\"elementor-widget-container\">\n\t\t\t\t\t\t\t<p><strong>Gedimino St. 33-24, Kaunas<\/strong><\/p><p>Area: 56.80 sq. m.<\/p>\t\t\t\t\t\t<\/div>\n\t\t\t\t<\/div>\n\t\t\t\t\t<\/div>\n\t\t\t\t<\/div>\n\t\t<div class=\"elementor-element elementor-element-8f2df7f e-flex e-con-boxed e-con e-child\" data-id=\"8f2df7f\" data-element_type=\"container\">\n\t\t\t\t\t<div class=\"e-con-inner\">\n\t\t\t\t<div class=\"elementor-element elementor-element-27d7833 elementor-widget elementor-widget-text-editor\" data-id=\"27d7833\" data-element_type=\"widget\" data-widget_type=\"text-editor.default\">\n\t\t\t\t<div class=\"elementor-widget-container\">\n\t\t\t\t\t\t\t<p><strong>Vilniaus St. 35, Kaunas<\/strong><\/p><p>Area: 96.71 sq. m.<\/p>\t\t\t\t\t\t<\/div>\n\t\t\t\t<\/div>\n\t\t\t\t\t<\/div>\n\t\t\t\t<\/div>\n\t\t<div class=\"elementor-element elementor-element-9cbea1d e-flex e-con-boxed e-con e-child\" data-id=\"9cbea1d\" data-element_type=\"container\">\n\t\t\t\t\t<div class=\"e-con-inner\">\n\t\t\t\t<div class=\"elementor-element elementor-element-3c3a755 elementor-widget elementor-widget-text-editor\" data-id=\"3c3a755\" data-element_type=\"widget\" data-widget_type=\"text-editor.default\">\n\t\t\t\t<div class=\"elementor-widget-container\">\n\t\t\t\t\t\t\t<p><strong>Vilniaus St. 13, Kaunas<\/strong><\/p><p>Area: 63.89 sq. m.<\/p>\t\t\t\t\t\t<\/div>\n\t\t\t\t<\/div>\n\t\t\t\t\t<\/div>\n\t\t\t\t<\/div>\n\t\t\t\t\t<\/div>\n\t\t\t\t<\/div>\n\t\t\t\t<\/div>","protected":false},"excerpt":{"rendered":"<p>Komercini\u0173 patalp\u0173 nuoma Kauno centre ir senamiestyje \u0160iuo metu visos patalpos i\u0161nuomotos. Jeigu patalpos bus laisvos, informacija paskelbsime \u0161iame puslapyje. D\u0117l nuomos kreipkit\u0117s m\u016bs\u0173 nurodytais kontaktais. \u00a0 Gedimino g. 33-23, Kaunas Plotas 38,84 kv.m. Gedmino g. 33-24, Kaunas Plotas 56,80 kv. m. Vilniaus g. 35, Kaunas Plotas 96,71 kv. m. Vilniaus g. 13, Kaunas Plotas [&hellip;]<\/p>","protected":false},"author":1,"featured_media":1299,"parent":24,"menu_order":2,"comment_status":"closed","ping_status":"closed","template":"","meta":{"footnotes":""},"class_list":["post-56","page","type-page","status-publish","has-post-thumbnail","hentry"],"_links":{"self":[{"href":"https:\/\/nuova.lt\/en\/wp-json\/wp\/v2\/pages\/56","targetHints":{"allow":["GET"]}}],"collection":[{"href":"https:\/\/nuova.lt\/en\/wp-json\/wp\/v2\/pages"}],"about":[{"href":"https:\/\/nuova.lt\/en\/wp-json\/wp\/v2\/types\/page"}],"author":[{"embeddable":true,"href":"https:\/\/nuova.lt\/en\/wp-json\/wp\/v2\/users\/1"}],"replies":[{"embeddable":true,"href":"https:\/\/nuova.lt\/en\/wp-json\/wp\/v2\/comments?post=56"}],"version-history":[{"count":0,"href":"https:\/\/nuova.lt\/en\/wp-json\/wp\/v2\/pages\/56\/revisions"}],"up":[{"embeddable":true,"href":"https:\/\/nuova.lt\/en\/wp-json\/wp\/v2\/pages\/24"}],"wp:featuredmedia":[{"embeddable":true,"href":"https:\/\/nuova.lt\/en\/wp-json\/wp\/v2\/media\/1299"}],"wp:attachment":[{"href":"https:\/\/nuova.lt\/en\/wp-json\/wp\/v2\/media?parent=56"}],"curies":[{"name":"wp","href":"https:\/\/api.w.org\/{rel}","templated":true}]}}