{"id":60,"date":"2023-12-04T10:24:00","date_gmt":"2023-12-04T08:24:00","guid":{"rendered":"https:\/\/f4.ecl.lt\/nuova\/?page_id=60"},"modified":"2024-04-04T12:09:04","modified_gmt":"2024-04-04T09:09:04","slug":"restoranai","status":"publish","type":"page","link":"https:\/\/nuova.lt\/en\/for-leisure\/restaurants\/","title":{"rendered":"Restaurants"},"content":{"rendered":"<div data-elementor-type=\"wp-page\" data-elementor-id=\"60\" class=\"elementor elementor-60\" data-elementor-post-type=\"page\">\n\t\t\t\t<div class=\"elementor-element elementor-element-77c46d2 e-con-full e-flex e-con e-parent\" data-id=\"77c46d2\" data-element_type=\"container\" data-settings=\"{&quot;background_background&quot;:&quot;classic&quot;}\" data-core-v316-plus=\"true\">\n\t\t<div class=\"elementor-element elementor-element-2e0ea6c e-con-full e-flex e-con e-child\" data-id=\"2e0ea6c\" data-element_type=\"container\">\n\t\t\t\t<div class=\"elementor-element elementor-element-2edd60e elementor-widget elementor-widget-image\" data-id=\"2edd60e\" data-element_type=\"widget\" data-widget_type=\"image.default\">\n\t\t\t\t<div class=\"elementor-widget-container\">\n\t\t\t<style>\/*! elementor - v3.20.0 - 26-03-2024 *\/\n.elementor-widget-image{text-align:center}.elementor-widget-image a{display:inline-block}.elementor-widget-image a img[src$=\".svg\"]{width:48px}.elementor-widget-image img{vertical-align:middle;display:inline-block}<\/style>\t\t\t\t\t\t\t\t\t\t<img fetchpriority=\"high\" decoding=\"async\" width=\"800\" height=\"534\" src=\"https:\/\/nuova.lt\/wp-content\/uploads\/2024\/04\/Auksines-kopos-60-1024x683.jpg\" class=\"attachment-large size-large wp-image-7005\" alt=\"\" srcset=\"https:\/\/nuova.lt\/wp-content\/uploads\/2024\/04\/Auksines-kopos-60-1024x683.jpg 1024w, https:\/\/nuova.lt\/wp-content\/uploads\/2024\/04\/Auksines-kopos-60-300x200.jpg 300w, https:\/\/nuova.lt\/wp-content\/uploads\/2024\/04\/Auksines-kopos-60-768x512.jpg 768w, https:\/\/nuova.lt\/wp-content\/uploads\/2024\/04\/Auksines-kopos-60.jpg 1151w\" sizes=\"(max-width: 800px) 100vw, 800px\" \/>\t\t\t\t\t\t\t\t\t\t\t\t\t<\/div>\n\t\t\t\t<\/div>\n\t\t\t\t<\/div>\n\t\t<div class=\"elementor-element elementor-element-f82e47f e-con-full e-flex e-con e-child\" data-id=\"f82e47f\" data-element_type=\"container\" data-settings=\"{&quot;background_background&quot;:&quot;classic&quot;}\">\n\t\t\t\t<div class=\"elementor-element elementor-element-a64314e elementor-widget elementor-widget-heading\" data-id=\"a64314e\" data-element_type=\"widget\" data-widget_type=\"heading.default\">\n\t\t\t\t<div class=\"elementor-widget-container\">\n\t\t\t<style>\/*! elementor - v3.20.0 - 26-03-2024 *\/\n.elementor-heading-title{padding:0;margin:0;line-height:1}.elementor-widget-heading .elementor-heading-title[class*=elementor-size-]>a{color:inherit;font-size:inherit;line-height:inherit}.elementor-widget-heading .elementor-heading-title.elementor-size-small{font-size:15px}.elementor-widget-heading .elementor-heading-title.elementor-size-medium{font-size:19px}.elementor-widget-heading .elementor-heading-title.elementor-size-large{font-size:29px}.elementor-widget-heading .elementor-heading-title.elementor-size-xl{font-size:39px}.elementor-widget-heading .elementor-heading-title.elementor-size-xxl{font-size:59px}<\/style><h2 class=\"elementor-heading-title elementor-size-default\">Auksines kopos<\/h2>\t\t<\/div>\n\t\t\t\t<\/div>\n\t\t\t\t<div class=\"elementor-element elementor-element-6755847 elementor-widget elementor-widget-text-editor\" data-id=\"6755847\" data-element_type=\"widget\" data-widget_type=\"text-editor.default\">\n\t\t\t\t<div class=\"elementor-widget-container\">\n\t\t\t<style>\/*! elementor - v3.20.0 - 26-03-2024 *\/\n.elementor-widget-text-editor.elementor-drop-cap-view-stacked .elementor-drop-cap{background-color:#69727d;color:#fff}.elementor-widget-text-editor.elementor-drop-cap-view-framed .elementor-drop-cap{color:#69727d;border:3px solid;background-color:transparent}.elementor-widget-text-editor:not(.elementor-drop-cap-view-default) .elementor-drop-cap{margin-top:8px}.elementor-widget-text-editor:not(.elementor-drop-cap-view-default) .elementor-drop-cap-letter{width:1em;height:1em}.elementor-widget-text-editor .elementor-drop-cap{float:left;text-align:center;line-height:1;font-size:50px}.elementor-widget-text-editor .elementor-drop-cap-letter{display:inline-block}<\/style>\t\t\t\t<p>The restaurant \"Auksin\u0117s kopos\" is located in the \"Auksin\u0117s kopos\" hotel in \u0160ventoji. The restaurant's menu stands out for its high-quality and fresh ingredients, especially fish dishes that cater to both adults and children.<\/p><p>The restaurant has two halls, making it convenient for celebrating various personal and business events.<\/p><p>Outside, guests can enjoy cozy terraces adorned with beautiful plants, allowing them to fully appreciate the true seaside nature.<\/p>\t\t\t\t\t\t<\/div>\n\t\t\t\t<\/div>\n\t\t\t\t<\/div>\n\t\t\t\t<\/div>\n\t\t\t\t<\/div>","protected":false},"excerpt":{"rendered":"<p>Auksin\u0117s kopos Restoranas \u201eAuksin\u0117s kopos\u201c \u012fsik\u016br\u0119s \u0160ventojoje, vie\u0161butyje \u201eAuksin\u0117s kopos\u201c. Restorano meniu i\u0161siskiria kokybi\u0161kais ir \u0161vie\u017eiais ingredientais, \u017euvies patiekalais, kurie tinka suaugusi\u0173 ir vaik\u0173 skoniui. Restoranas turi dvi sales, kuriose patogu \u0161v\u0119sti \u012fvairias asmenines ir verslo \u0161ventes. Lauke sve\u010di\u0173 laukia jaukios, nuostabiais augalais ap\u017eeldintos terasos, kurios leid\u017eia i\u0161 \u0161irdies m\u0117gautis tikr\u0105ja paj\u016brio gamta.<\/p>","protected":false},"author":1,"featured_media":1788,"parent":26,"menu_order":2,"comment_status":"closed","ping_status":"closed","template":"","meta":{"footnotes":""},"class_list":["post-60","page","type-page","status-publish","has-post-thumbnail","hentry"],"_links":{"self":[{"href":"https:\/\/nuova.lt\/en\/wp-json\/wp\/v2\/pages\/60","targetHints":{"allow":["GET"]}}],"collection":[{"href":"https:\/\/nuova.lt\/en\/wp-json\/wp\/v2\/pages"}],"about":[{"href":"https:\/\/nuova.lt\/en\/wp-json\/wp\/v2\/types\/page"}],"author":[{"embeddable":true,"href":"https:\/\/nuova.lt\/en\/wp-json\/wp\/v2\/users\/1"}],"replies":[{"embeddable":true,"href":"https:\/\/nuova.lt\/en\/wp-json\/wp\/v2\/comments?post=60"}],"version-history":[{"count":0,"href":"https:\/\/nuova.lt\/en\/wp-json\/wp\/v2\/pages\/60\/revisions"}],"up":[{"embeddable":true,"href":"https:\/\/nuova.lt\/en\/wp-json\/wp\/v2\/pages\/26"}],"wp:featuredmedia":[{"embeddable":true,"href":"https:\/\/nuova.lt\/en\/wp-json\/wp\/v2\/media\/1788"}],"wp:attachment":[{"href":"https:\/\/nuova.lt\/en\/wp-json\/wp\/v2\/media?parent=60"}],"curies":[{"name":"wp","href":"https:\/\/api.w.org\/{rel}","templated":true}]}}